{"id":703,"date":"2026-02-17T11:11:54","date_gmt":"2026-02-17T10:11:54","guid":{"rendered":"https:\/\/chaos.bertaeins.ch\/komitee\/"},"modified":"2026-03-16T14:03:17","modified_gmt":"2026-03-16T13:03:17","slug":"comitato","status":"publish","type":"page","link":"https:\/\/chaos.bertaeins.ch\/it\/comitato\/","title":{"rendered":"Comitato"},"content":{"rendered":"\n    <section class=\"intro-text-block block-margins\">\n                    <h2 class=\"big\">NO al <span>caos delle cure.<\/span><\/h2>\n        \n                    <div class=\"lead-text-block\">\n                <p>NO all&#8217;estrema iniziativa dell&#8217;UDC che vuole introdurre un rigido tetto alla popolazione. Questa proposta \u00e8 estrema e pericolosa per l&#8217;assistenza sanitaria e la qualit\u00e0 delle cure. Peggiorerebbe le attuali difficolt\u00e0 nel trovare sufficiente personale qualificato e mette a rischio le cure mediche per la popolazione.<\/p>\n            <\/div>\n            <\/section>\n\n\n\n\n\n\n\n\n            <section class=\"mitglieder-block mitglieder-block-69ddaeae0b7e3 block-margins block-paddings with-bg\">\n            <div class=\"title-block-wrapper visibleInBackend\">\n                \n                                    <h2 class=\"block-title text-white\">Co-presidenza<\/h2>\n                            <\/div>\n\n            <div class=\"mitglieder_result_block visibleInBackend\">\n                                    <div class=\"mitglied \">\n                                                    <img decoding=\"async\" class=\"member-photo member-photo-white\" src=\"https:\/\/chaos.bertaeins.ch\/wp-content\/uploads\/2026\/02\/Regine-Sauter.png\" alt=\"Regine Sauter\"\/>\n                                                <div class=\"member-text\">\n                            <p class=\"member-name text-white\">Regine Sauter<\/p>\n\n                                                            <p class=\"member-position text-white\">Consigliera nazionale PLR<\/p>\n                                                    <\/div>\n                    <\/div>\n                                    <div class=\"mitglied \">\n                                                    <img decoding=\"async\" class=\"member-photo member-photo-white\" src=\"https:\/\/chaos.bertaeins.ch\/wp-content\/uploads\/2026\/02\/Patrick-Haessig.png\" alt=\"Patrick Ha\u0308ssig\"\/>\n                                                <div class=\"member-text\">\n                            <p class=\"member-name text-white\">Patrick H\u00e4ssig<\/p>\n\n                                                            <p class=\"member-position text-white\">Consigliere nazionale PVL<\/p>\n                                                    <\/div>\n                    <\/div>\n                                    <div class=\"mitglied \">\n                                                    <img decoding=\"async\" class=\"member-photo member-photo-white\" src=\"https:\/\/chaos.bertaeins.ch\/wp-content\/uploads\/2026\/04\/Farah-Rumy.png\" alt=\"Farah Rumy\"\/>\n                                                <div class=\"member-text\">\n                            <p class=\"member-name text-white\">Farah Rumy<\/p>\n\n                                                            <p class=\"member-position text-white\">Consigliera nazionale PS<\/p>\n                                                    <\/div>\n                    <\/div>\n                                    <div class=\"mitglied \">\n                                                    <img decoding=\"async\" class=\"member-photo member-photo-white\" src=\"https:\/\/chaos.bertaeins.ch\/wp-content\/uploads\/2026\/02\/Laurent-Wehrli.png\" alt=\"Laurent Wehrli\"\/>\n                                                <div class=\"member-text\">\n                            <p class=\"member-name text-white\">Laurent Wehrli<\/p>\n\n                                                            <p class=\"member-position text-white\">Consigliere nazionale PLR<\/p>\n                                                    <\/div>\n                    <\/div>\n                                    <div class=\"mitglied \">\n                                                    <img decoding=\"async\" class=\"member-photo member-photo-white\" src=\"https:\/\/chaos.bertaeins.ch\/wp-content\/uploads\/2026\/03\/Manuela-Weichelt.png\" alt=\"Manuela Weichelt\"\/>\n                                                <div class=\"member-text\">\n                            <p class=\"member-name text-white\">Manuela Weichelt<\/p>\n\n                                                            <p class=\"member-position text-white\">Consigliera nazionale I VERDI<\/p>\n                                                    <\/div>\n                    <\/div>\n                                    <div class=\"mitglied \">\n                                                    <img decoding=\"async\" class=\"member-photo member-photo-white\" src=\"https:\/\/chaos.bertaeins.ch\/wp-content\/uploads\/2026\/03\/Christian-Lohr.png\" alt=\"Christian Lohr\"\/>\n                                                <div class=\"member-text\">\n                            <p class=\"member-name text-white\">Christian Lohr<\/p>\n\n                                                            <p class=\"member-position text-white\">Consigliere nazionale Il Centro<\/p>\n                                                    <\/div>\n                    <\/div>\n                                    <div class=\"mitglied \">\n                                                    <img decoding=\"async\" class=\"member-photo member-photo-white\" src=\"https:\/\/chaos.bertaeins.ch\/wp-content\/uploads\/2026\/02\/Ursula-Zybach.png\" alt=\"Ursula Zybach\"\/>\n                                                <div class=\"member-text\">\n                            <p class=\"member-name text-white\">Ursula Zybach<\/p>\n\n                                                            <p class=\"member-position text-white\">Consigliera nazionale PS<\/p>\n                                                    <\/div>\n                    <\/div>\n                            <\/div>\n\n                    <\/section>\n\n        <script>\n            var controller = new ScrollMagic.Controller();\n\n            new ScrollMagic.Scene({\n                triggerElement: \".mitglieder-block-69ddaeae0b7e3 .title-block-wrapper\",\n                triggerHook: 0.95,\n                offset: 0\n            })\n                .setClassToggle(\".mitglieder-block-69ddaeae0b7e3 .title-block-wrapper\", \"visibleBlock\")\n                .addTo(controller);\n\n            new ScrollMagic.Scene({\n                triggerElement: \".mitglieder-block-69ddaeae0b7e3 .mitglieder_result_block\",\n                triggerHook: 0.95,\n                offset: 0\n            })\n                .setClassToggle(\".mitglieder-block-69ddaeae0b7e3 .mitglieder_result_block\", \"visibleBlock\")\n                .addTo(controller);\n        <\/script>\n    \n\n\n\n    <section class=\"komitee-block block-margins visibleInBackend\" data-languagetype=\"all\">\n        <div class=\"fade-block\"><\/div>\n\n        <h2 class=\"big\">Noi diciamo NO<\/h2>\n\n        <div class=\"persons\">\n            <table class=\"table table-striped\">\n                <thead>\n                <tr class=\"person-filters\">\n                    <td>\n                        <input type=\"text\" id=\"vorname\" autocomplete=\"off\" placeholder=\"Nome\">\n                        <button type=\"submit\" class=\"search-btn\"><\/button>\n                    <\/td>\n                    <td>\n                        <input type=\"text\" id=\"nachname\" autocomplete=\"off\" placeholder=\"Cognome\">\n                        <button type=\"submit\" class=\"search-btn\"><\/button>\n                    <\/td>\n                    <td>\n                        <input type=\"text\" id=\"funktion\" autocomplete=\"off\" placeholder=\"Funzione\">\n                        <button type=\"submit\" class=\"search-btn\"><\/button>\n                    <\/td>\n                    <td>\n                        <input type=\"text\" id=\"partei\"  autocomplete=\"off\" placeholder=\"Partito\">\n                        <button type=\"submit\" class=\"search-btn\"><\/button>\n                    <\/td>\n                    <td>\n                        <input type=\"text\" id=\"ort\" autocomplete=\"off\" placeholder=\"Luogo\">\n                        <button type=\"submit\" class=\"search-btn\"><\/button>\n                    <\/td>\n                <\/tr>\n                <\/thead>\n                <tbody>\n                                                                                <tr>\n        <td>Patrick<\/td>\n        <td>H\u00e4ssig<\/td>\n        <td>Nationalrat<\/td>\n        <td>GLP<\/td>\n        <td>Z\u00fcrich<\/td>\n    <\/tr>\n    <tr>\n        <td>Christian<\/td>\n        <td>Lohr<\/td>\n        <td>Nationalrat<\/td>\n        <td>Die Mitte<\/td>\n        <td>Thurgau<\/td>\n    <\/tr>\n    <tr>\n        <td>Farah<\/td>\n        <td>Rumy<\/td>\n        <td>Nationalr\u00e4tin<\/td>\n        <td>SP<\/td>\n        <td>Solothurn<\/td>\n    <\/tr>\n    <tr>\n        <td>Regine<\/td>\n        <td>Sauter<\/td>\n        <td>Nationalr\u00e4tin<\/td>\n        <td>FDP<\/td>\n        <td>Z\u00fcrich<\/td>\n    <\/tr>\n    <tr>\n        <td>Laurent<\/td>\n        <td>Wehrli<\/td>\n        <td>Conseiller national<\/td>\n        <td>PLR<\/td>\n        <td>Vaud<\/td>\n    <\/tr>\n    <tr>\n        <td>Manuela<\/td>\n        <td>Weichelt<\/td>\n        <td>Nationalr\u00e4tin<\/td>\n        <td>GR\u00dcNE<\/td>\n        <td>Zug<\/td>\n    <\/tr>\n    <tr>\n        <td>Ursula<\/td>\n        <td>Zybach<\/td>\n        <td>Nationalr\u00e4tin<\/td>\n        <td>SP<\/td>\n        <td>Bern<\/td>\n    <\/tr>\n                                <\/tbody>\n            <\/table>\n        <\/div>\n\n        <div class=\"pagination\" data-postsperpage=\"10\" data-maxpage=\"1\" data-lang=\"\" data-pageid=\"909\">\n                    <\/div>\n    <\/section>\n\n    <script>\n        var controller = new ScrollMagic.Controller();\n\n        new ScrollMagic.Scene({\n            triggerElement: \".komitee-block\",\n            triggerHook: 0.8,\n            offset: 0\n        })\n            .setClassToggle(\".komitee-block\", \"visibleBlock\")\n            .addTo(controller);\n    <\/script>\n\n\n\n\n            <section class=\"form-1-block block-margins no_bg\" id=\"\">\n            <div class=\"form_1_block_bg no_bg\"><\/div>\n\n                <div class=\"title-block-wrapper visibleInBackend\">\n                    \n                                            <h2 class=\"block-title \">Iscriviti al comitato<\/h2>\n                                    <\/div>\n\n                                    <div class=\"form  visibleInBackend\">\n                        <div class=\"frm_forms \" id=\"frm_form_24_container\" >\n<form enctype=\"multipart\/form-data\" method=\"post\" class=\"frm-show-form  frm_js_validate  frm_ajax_submit  frm_pro_form \" id=\"form_newsletter-form-de88d931f524b5b33b10b222\" >\n<div class=\"frm_form_fields \">\n<fieldset>\n<legend class=\"frm_screen_reader\">Komitee IT (Gutenberg block)<\/legend>\r\n\r\n<div class=\"frm_fields_container\">\n<input type=\"hidden\" name=\"frm_action\" value=\"create\" \/>\n<input type=\"hidden\" name=\"form_id\" value=\"24\" \/>\n<input type=\"hidden\" name=\"frm_hide_fields_24\" id=\"frm_hide_fields_24\" value=\"\" \/>\n<input type=\"hidden\" name=\"form_key\" value=\"newsletter-form-de88d931f524b5b33b10b222\" \/>\n<input type=\"hidden\" name=\"item_meta[0]\" value=\"\" \/>\n<input type=\"hidden\" id=\"frm_submit_entry_24\" name=\"frm_submit_entry_24\" value=\"3831dcfb4f\" \/><input type=\"hidden\" name=\"_wp_http_referer\" value=\"\/it\/wp-json\/wp\/v2\/pages\/703\" \/><div id=\"frm_field_317_container\" class=\"frm_form_field form-field  frm_required_field frm_top_container form-select form-anrede\">\r\n    <label for=\"field_anrede-fieldcdea14c9b53\" id=\"field_anrede-fieldcdea14c9b53_label\" class=\"frm_primary_label\">Titolo\r\n        <span class=\"frm_required\">*<\/span>\r\n    <\/label>\r\n    \t\t<select name=\"item_meta[317]\" id=\"field_anrede-fieldcdea14c9b53\"  data-placeholder=\"Titolo*\"  placeholder=\"Titolo*\" data-reqmsg=\"Questo campo non deve essere vuoto.\" aria-required=\"true\" data-invmsg=\"Titolo is invalid\" aria-invalid=\"false\"  >\n\t\t<option  class=\"frm-select-placeholder\" value=\"\" data-placeholder=\"true\">Titolo*<\/option><option  value=\"Signor\">Signor<\/option><option  value=\"Signora\">Signora<\/option>\t<\/select>\n\t\r\n    \r\n    \r\n<\/div>\n<div id=\"frm_field_318_container\" class=\"frm_form_field form-field  frm_required_field frm_top_container frm_half\">\r\n    <label for=\"field_vorname-field45df4db8613\" id=\"field_vorname-field45df4db8613_label\" class=\"frm_primary_label\">Nome\r\n        <span class=\"frm_required\">*<\/span>\r\n    <\/label>\r\n    <input  type=\"text\" id=\"field_vorname-field45df4db8613\" name=\"item_meta[318]\" value=\"\"  placeholder=\"Nome*\" data-reqmsg=\"Questo campo non deve essere vuoto.\" aria-required=\"true\" data-invmsg=\"Name ist ung\u00fcltig\" aria-invalid=\"false\"   \/>\r\n    \r\n    \r\n<\/div>\n<div id=\"frm_field_319_container\" class=\"frm_form_field form-field  frm_required_field frm_top_container frm_half\">\r\n    <label for=\"field_nachname-fieldb5bc84a9f03\" id=\"field_nachname-fieldb5bc84a9f03_label\" class=\"frm_primary_label\">Cognome\r\n        <span class=\"frm_required\">*<\/span>\r\n    <\/label>\r\n    <input  type=\"text\" id=\"field_nachname-fieldb5bc84a9f03\" name=\"item_meta[319]\" value=\"\"  placeholder=\"Cognome*\" data-reqmsg=\"Questo campo non deve essere vuoto.\" aria-required=\"true\" data-invmsg=\"Last ist ung\u00fcltig\" aria-invalid=\"false\"   \/>\r\n    \r\n    \r\n<\/div>\n<div id=\"frm_field_320_container\" class=\"frm_form_field form-field  frm_top_container frm_half\">\r\n    <label for=\"field_funktion-field8f7feffc7c3\" id=\"field_funktion-field8f7feffc7c3_label\" class=\"frm_primary_label\">Ufficio\/Occupazione\r\n        <span class=\"frm_required\"><\/span>\r\n    <\/label>\r\n    <input  type=\"text\" id=\"field_funktion-field8f7feffc7c3\" name=\"item_meta[320]\" value=\"\"  placeholder=\"Ufficio\/Occupazione\" data-invmsg=\"Last ist ung\u00fcltig\" aria-invalid=\"false\"   \/>\r\n    \r\n    \r\n<\/div>\n<div id=\"frm_field_321_container\" class=\"frm_form_field form-field  frm_required_field frm_top_container frm_half\">\r\n    <label for=\"field_partei-fieldf18388e683\" id=\"field_partei-fieldf18388e683_label\" class=\"frm_primary_label\">Azienda\/Partito\r\n        <span class=\"frm_required\">*<\/span>\r\n    <\/label>\r\n    <input  type=\"text\" id=\"field_partei-fieldf18388e683\" name=\"item_meta[321]\" value=\"\"  placeholder=\"Azienda\/Partito*\" data-reqmsg=\"Questo campo non deve essere vuoto.\" aria-required=\"true\" data-invmsg=\"Last ist ung\u00fcltig\" aria-invalid=\"false\"   \/>\r\n    \r\n    \r\n<\/div>\n<div id=\"frm_field_322_container\" class=\"frm_form_field form-field  frm_required_field frm_top_container frm_half\">\r\n    <label for=\"field_ort-field88bf2aafd03\" id=\"field_ort-field88bf2aafd03_label\" class=\"frm_primary_label\">Cantone\r\n        <span class=\"frm_required\">*<\/span>\r\n    <\/label>\r\n    \t\t<select name=\"item_meta[322]\" id=\"field_ort-field88bf2aafd03\"  data-placeholder=\"Cantone*\"  placeholder=\"Cantone*\" data-reqmsg=\"Questo campo non deve essere vuoto.\" aria-required=\"true\" data-invmsg=\"Cantone is invalid\" aria-invalid=\"false\"  >\n\t\t<option  class=\"frm-select-placeholder\" value=\"\" data-placeholder=\"true\">Cantone*<\/option><option  value=\"Argovia\">Argovia<\/option><option  value=\"Appenzello Esterno\">Appenzello Esterno<\/option><option  value=\"Appenzello Interno\">Appenzello Interno<\/option><option  value=\"Basilea Campagna\">Basilea Campagna<\/option><option  value=\"Basilea Citt\u00e0\">Basilea Citt\u00e0<\/option><option  value=\"Berna\">Berna<\/option><option  value=\"Friburgo\">Friburgo<\/option><option  value=\"Ginevra\">Ginevra<\/option><option  value=\"Glarona\">Glarona<\/option><option  value=\"Grigioni\">Grigioni<\/option><option  value=\"Giura\">Giura<\/option><option  value=\"Lucerna\">Lucerna<\/option><option  value=\"Neuch\u00e2tel\">Neuch\u00e2tel<\/option><option  value=\"Nidvaldo\">Nidvaldo<\/option><option  value=\"Obvaldo\">Obvaldo<\/option><option  value=\"Sciaffusa\">Sciaffusa<\/option><option  value=\"Svitto\">Svitto<\/option><option  value=\"Soletta\">Soletta<\/option><option  value=\"San Gallo\">San Gallo<\/option><option  value=\"Ticino\">Ticino<\/option><option  value=\"Turgovia\">Turgovia<\/option><option  value=\"Uri\">Uri<\/option><option  value=\"Vaud\">Vaud<\/option><option  value=\"Vallese\">Vallese<\/option><option  value=\"Zugo\">Zugo<\/option><option  value=\"Zurigo\">Zurigo<\/option>\t<\/select>\n\t\r\n    \r\n    \r\n<\/div>\n<div id=\"frm_field_323_container\" class=\"frm_form_field form-field  frm_required_field frm_top_container frm_half\">\r\n    <label for=\"field_email-field4a51f4c8cc3\" id=\"field_email-field4a51f4c8cc3_label\" class=\"frm_primary_label\">E-mail\r\n        <span class=\"frm_required\">*<\/span>\r\n    <\/label>\r\n    <input type=\"email\" id=\"field_email-field4a51f4c8cc3\" name=\"item_meta[323]\" value=\"\"  placeholder=\"E-mail*\" data-reqmsg=\"Questo campo non deve essere vuoto.\" aria-required=\"true\" data-invmsg=\"L&#039;E-mail \u00e8 invalida\" aria-invalid=\"false\"  \/>\r\n    \r\n    \r\n<\/div>\n<div id=\"frm_field_324_container\" class=\"frm_form_field form-field  frm_top_container hide-label vertical_radio\">\r\n    <div  id=\"field_komitee_member_frontend-field3_label\" class=\"frm_primary_label\">Acconsento alla pubblicazione del mio nome sul sito web.\r\n        <span class=\"frm_required\"><\/span>\r\n    <\/div>\r\n    <div class=\"frm_opt_container\" aria-labelledby=\"field_komitee_member_frontend-field3_label\" role=\"group\">\t\t<div class=\"frm_checkbox\" id=\"frm_checkbox_324-0\">\t\t\t<label  for=\"field_komitee_member_frontend-field3-0\">\n\t\t\t<input type=\"checkbox\" name=\"item_meta[324][]\" id=\"field_komitee_member_frontend-field3-0\" value=\"Acconsento alla pubblicazione del mio nome sul sito web.\"  data-invmsg=\"Acconsento alla pubblicazione del mio nome sul sito web. is invalid\"   \/> Acconsento alla pubblicazione del mio nome sul sito web.<\/label><\/div>\n<\/div>\r\n    \r\n    \r\n<\/div>\n<div id=\"frm_field_325_container\" class=\"frm_form_field form-field  frm_top_container hide-label vertical_radio\">\r\n    <div  id=\"field_newsletter_abonnieren-field89d36d80f43_label\" class=\"frm_primary_label\">Iscriversi alla newsletter\r\n        <span class=\"frm_required\"><\/span>\r\n    <\/div>\r\n    <div class=\"frm_opt_container\" aria-labelledby=\"field_newsletter_abonnieren-field89d36d80f43_label\" role=\"group\">\t\t<div class=\"frm_checkbox\" id=\"frm_checkbox_325-0\">\t\t\t<label  for=\"field_newsletter_abonnieren-field89d36d80f43-0\">\n\t\t\t<input type=\"checkbox\" name=\"item_meta[325][]\" id=\"field_newsletter_abonnieren-field89d36d80f43-0\" value=\"Iscriversi alla newsletter\"  data-invmsg=\"Iscriversi alla newsletter is invalid\"   \/> Iscriversi alla newsletter<\/label><\/div>\n<\/div>\r\n    \r\n    \r\n<\/div>\n<div id=\"frm_field_326_container\" class=\"frm_form_field form-field  frm_required_field frm_top_container hide-label vertical_radio\">\r\n    <div  id=\"field_agree-field22bad835e93_label\" class=\"frm_primary_label\">Con la presente accetto\u00a0l\u2019informativa sulla privacy.\r\n        <span class=\"frm_required\"><\/span>\r\n    <\/div>\r\n    <div class=\"frm_opt_container\" aria-labelledby=\"field_agree-field22bad835e93_label\" role=\"group\">\t\t<div class=\"frm_checkbox\" id=\"frm_checkbox_326-0\">\t\t\t<label  for=\"field_agree-field22bad835e93-0\">\n\t\t\t<input type=\"checkbox\" name=\"item_meta[326][]\" id=\"field_agree-field22bad835e93-0\" value=\"Con la presente accetto\u00a0l\u2019&lt;a href=&quot;#&quot;&gt;informativa sulla privacy&lt;\/a&gt;.*\"  data-reqmsg=\"Questo campo non deve essere vuoto.\" data-invmsg=\"Con la presente accetto\u00a0l\u2019informativa sulla privacy. is invalid\"   aria-required=\"true\"  \/> Con la presente accetto\u00a0l\u2019<a href=\"#\">informativa sulla privacy<\/a>.*<\/label><\/div>\n<\/div>\r\n    \r\n    \r\n<\/div>\n<div id=\"frm_field_327_container\" class=\"frm_form_field form-field  frm_top_container hidden_lang_field\">\r\n    <label for=\"field_formlang-field405bb6cc5a3\" id=\"field_formlang-field405bb6cc5a3_label\" class=\"frm_primary_label\">Lang\r\n        <span class=\"frm_required\"><\/span>\r\n    <\/label>\r\n    <input  type=\"text\" id=\"field_formlang-field405bb6cc5a3\" name=\"item_meta[327]\" value=\"it\"  data-frmval=\"it\" data-invmsg=\"Text ist ung\u00fcltig\" aria-invalid=\"false\"   \/>\r\n    \r\n    \r\n<\/div>\n<div id=\"frm_field_328_container\" class=\"frm_form_field form-field  frm_none_container hide-label\">\r\n    <label for=\"g-recaptcha-response\" id=\"field_7edm03_label\" class=\"frm_primary_label\">Captcha\r\n        <span class=\"frm_required\" aria-hidden=\"true\"><\/span>\r\n    <\/label>\r\n    \r\n    \r\n    \r\n<\/div>\n\t\t<input  type=\"hidden\" name=\"item_meta[568]\" id=\"field_komitee_member-9o194\" value=\"komitee_member\"  data-frmval=\"komitee_member\"   \/>\n\t\t<div id=\"frm_field_610_container\" class=\"frm_form_field form-field \">\n\t<div class=\"frm_submit\">\r\n\r\n<button class=\"frm_button_submit frm_final_submit\" type=\"submit\"   formnovalidate=\"formnovalidate\">Iscriversi<\/button>\r\n\r\n<\/div>\n<\/div>\n\t<input type=\"hidden\" name=\"item_key\" value=\"\" \/>\n\t\t\t<div id=\"frm_field_611_container\">\n\t\t\t<label for=\"field_f6bkx\" >\n\t\t\t\tIf you are human, leave this field blank.\t\t\t<\/label>\n\t\t\t<input  id=\"field_f6bkx\" type=\"text\" class=\"frm_form_field form-field frm_verify\" name=\"item_meta[611]\" value=\"\"  \/>\n\t\t<\/div>\n\t\t<input name=\"frm_state\" type=\"hidden\" value=\"OLIk56e9xB0akHOe+vJgOlUZ4xuRaOEbbJN+tLm5JSGqqVEX3gew0tz75lU5ZTt\/\" \/><\/div>\n<\/fieldset>\n<\/div>\n\n<\/form>\n<\/div>\n                    <\/div>\n                        <\/section>\n\n        <script>\n            var controller = new ScrollMagic.Controller();\n\n            new ScrollMagic.Scene({\n                triggerElement: \".form-1-block .title-block-wrapper\",\n                triggerHook: 0.8,\n                offset: 0\n            })\n                .setClassToggle(\".form-1-block .title-block-wrapper\", \"visibleBlock\")\n                .addTo(controller);\n\n            new ScrollMagic.Scene({\n                triggerElement: \".form-1-block .form\",\n                triggerHook: 0.8,\n                offset: 0\n            })\n                .setClassToggle(\".form-1-block .form\", \"visibleBlock\")\n                .addTo(controller);\n        <\/script>\n    \n\n","protected":false},"excerpt":{"rendered":"","protected":false},"author":1,"featured_media":0,"parent":0,"menu_order":0,"comment_status":"closed","ping_status":"closed","template":"","meta":{"_acf_changed":false,"inline_featured_image":false,"footnotes":""},"class_list":["post-703","page","type-page","status-publish","hentry"],"acf":[],"_links":{"self":[{"href":"https:\/\/chaos.bertaeins.ch\/it\/wp-json\/wp\/v2\/pages\/703","targetHints":{"allow":["GET"]}}],"collection":[{"href":"https:\/\/chaos.bertaeins.ch\/it\/wp-json\/wp\/v2\/pages"}],"about":[{"href":"https:\/\/chaos.bertaeins.ch\/it\/wp-json\/wp\/v2\/types\/page"}],"author":[{"embeddable":true,"href":"https:\/\/chaos.bertaeins.ch\/it\/wp-json\/wp\/v2\/users\/1"}],"replies":[{"embeddable":true,"href":"https:\/\/chaos.bertaeins.ch\/it\/wp-json\/wp\/v2\/comments?post=703"}],"version-history":[{"count":13,"href":"https:\/\/chaos.bertaeins.ch\/it\/wp-json\/wp\/v2\/pages\/703\/revisions"}],"predecessor-version":[{"id":1063,"href":"https:\/\/chaos.bertaeins.ch\/it\/wp-json\/wp\/v2\/pages\/703\/revisions\/1063"}],"wp:attachment":[{"href":"https:\/\/chaos.bertaeins.ch\/it\/wp-json\/wp\/v2\/media?parent=703"}],"curies":[{"name":"wp","href":"https:\/\/api.w.org\/{rel}","templated":true}]}}