{"id":699,"date":"2026-02-17T11:12:00","date_gmt":"2026-02-17T10:12:00","guid":{"rendered":"https:\/\/chaos.bertaeins.ch\/verbaende\/"},"modified":"2026-03-12T10:41:55","modified_gmt":"2026-03-12T09:41:55","slug":"verbaende","status":"publish","type":"page","link":"https:\/\/chaos.bertaeins.ch\/it\/verbaende\/","title":{"rendered":"Organizzazioni"},"content":{"rendered":"\n    <section class=\"intro-text-block block-margins\">\n                    <h2 class=\"big\">Un&#8217;ampia alleanza di organizzazioni<\/h2>\n        \n                    <div class=\"lead-text-block\">\n                <p>Un&#8217;ampia alleanza di organizzazioni e associazioni della sanit\u00e0 svizzera sostiene la campagna contro l&#8217;iniziativa &#8220;NO a una Svizzera da 10 milioni&#8221;. Le organizzazioni rappresentano ospedali, personale medico e di cura, cos\u00ec come altre professioni nella sanit\u00e0 e sanno bene qual \u00e8 l&#8217;importanza che il personale qualificato ha per l&#8217;assistenza. Insieme si impegnano per condizioni quadro stabili e un&#8217;assistenza sanitaria garantita in Svizzera.<\/p>\n            <\/div>\n            <\/section>\n\n\n\n\n\n\n\n\n            <section class=\"logos-block block-margins\">\n            <div class=\"logos-content\">\n                <div class=\"title-block-wrapper visibleInBackend\">\n                    \n                                            <h2 class=\"block-title\">Organisationen<\/h2>\n                                    <\/div>\n\n                <div class=\"logos visibleInBackend\">\n                                            <div class=\"logo \">\n                                                                                                <a href=\"https:\/\/www.hplus.ch\/de\/\" target=\"_blank\" class=\"picture\">\n                                        <img decoding=\"async\" src=\"https:\/\/chaos.bertaeins.ch\/wp-content\/uploads\/2026\/02\/H.jpg\" alt=\"H+\">\n                                    <\/a>\n                                                                                    <\/div>\n                                                <div class=\"logo \">\n                                                                                                <a href=\"https:\/\/www.spitex.ch\/de\" target=\"_blank\" class=\"picture\">\n                                        <img decoding=\"async\" src=\"https:\/\/chaos.bertaeins.ch\/wp-content\/uploads\/2026\/02\/image-2.png\" alt=\"image 2\">\n                                    <\/a>\n                                                                                    <\/div>\n                                                <div class=\"logo \">\n                                                                                                <a href=\"https:\/\/artiset.ch\/de\/\" target=\"_blank\" class=\"picture\">\n                                        <img decoding=\"async\" src=\"https:\/\/chaos.bertaeins.ch\/wp-content\/uploads\/2026\/02\/image-5.png\" alt=\"image 5\">\n                                    <\/a>\n                                                                                    <\/div>\n                                                <div class=\"logo logo-hidden\">\n                                                                                                <a href=\"https:\/\/ospita.ch\" target=\"_blank\" class=\"picture\">\n                                        <img decoding=\"async\" src=\"https:\/\/chaos.bertaeins.ch\/wp-content\/uploads\/2026\/02\/image-3.png\" alt=\"image 3\">\n                                    <\/a>\n                                                                                    <\/div>\n                                                <div class=\"logo logo-hidden\">\n                                                                                                <a href=\"https:\/\/physioswiss.ch\/\" target=\"_blank\" class=\"picture\">\n                                        <img decoding=\"async\" src=\"https:\/\/chaos.bertaeins.ch\/wp-content\/uploads\/2026\/03\/Logo-Physioswiss.png\" alt=\"Logo Physioswiss\">\n                                    <\/a>\n                                                                                    <\/div>\n                                                <div class=\"logo logo-hidden\">\n                                                                                                <a href=\"https:\/\/www.palliative.ch\/\" target=\"_blank\" class=\"picture\">\n                                        <img decoding=\"async\" src=\"https:\/\/chaos.bertaeins.ch\/wp-content\/uploads\/2026\/03\/Logo-palliative-schweiz.png\" alt=\"Logo palliative schweiz\">\n                                    <\/a>\n                                                                                    <\/div>\n                                                <div class=\"logo logo-hidden\">\n                                                                                                <a href=\"https:\/\/sbk-asi.ch\/\" target=\"_blank\" class=\"picture\">\n                                        <img decoding=\"async\" src=\"https:\/\/chaos.bertaeins.ch\/wp-content\/uploads\/2026\/04\/SBK_member-of-AllianceCare_RGB.png\" alt=\"SBK_member of AllianceCare_RGB\">\n                                    <\/a>\n                                                                                    <\/div>\n                                                <div class=\"logo logo-hidden\">\n                                                                                                <a href=\"https:\/\/www.vkjz.ch\/\" target=\"_blank\" class=\"picture\">\n                                        <img decoding=\"async\" src=\"https:\/\/chaos.bertaeins.ch\/wp-content\/uploads\/2026\/04\/vKJZ-Logo-RGB_400-61710a69.webp\" alt=\"vKJZ-Logo-RGB_400-61710a69\">\n                                    <\/a>\n                                                                                    <\/div>\n                                        <\/div>\n\n                                    <div class=\"link visibleInBackend\">\n                        <a class=\"primary-theme-btn-border logos-more-btn\" href=\"#\">\n                            Carica di pi\u00f9                        <\/a>\n                    <\/div>\n                            <\/div>\n        <\/section>\n\n    <script>\n        var controller = new ScrollMagic.Controller();\n\n        new ScrollMagic.Scene({\n            triggerElement: \".logos-block .title-block-wrapper\",\n            triggerHook: 0.8,\n            offset: 0\n        })\n            .setClassToggle(\".logos-block .title-block-wrapper\", \"visibleBlock\")\n            .addTo(controller);\n\n        new ScrollMagic.Scene({\n            triggerElement: \".logos-block .logos.logos-desk\",\n            triggerHook: 0.8,\n            offset: 0\n        })\n            .setClassToggle(\".logos-block .logos.logos-desk\", \"visibleBlock\")\n            .addTo(controller);\n\n        new ScrollMagic.Scene({\n            triggerElement: \".logos-block .link\",\n            triggerHook: 0.9,\n            offset: 0\n        })\n            .setClassToggle(\".logos-block .link\", \"visibleBlock\")\n            .addTo(controller);\n    <\/script>\n    \n\n\n<div class=\"empty-divider\"><\/div>\n\n\n    <section class=\"darum-gehts-block\">\n        <div class=\"darum-gehts-block-content\">\n                            <div class=\"media-block visibleInBackend\">\n\n                                                                        <div class=\"darum-gehts-image-desktop\" style=\"background-image: url('https:\/\/chaos.bertaeins.ch\/wp-content\/uploads\/2026\/03\/21-9-2-1200x514.png')\">\n                            <\/div>\n                        \n\n                                                    <div class=\"darum-gehts-image-mobile\">\n                                <img decoding=\"async\" src=\"https:\/\/chaos.bertaeins.ch\/wp-content\/uploads\/2026\/03\/4-5-2-960x1200.png\" alt=\"4-5\">\n                            <\/div>\n                                            \n                                    <\/div>\n            \n                    <\/div>\n    <\/section>\n\n    <script>\n        var controller = new ScrollMagic.Controller();\n\n        new ScrollMagic.Scene({\n            triggerElement: \".darum-gehts-block .text-block\",\n            triggerHook: 0.9,\n            offset: 0\n        })\n            .setClassToggle(\".darum-gehts-block .text-block\", \"visibleBlock\")\n            .addTo(controller);\n\n        new ScrollMagic.Scene({\n            triggerElement: \".darum-gehts-block .media-block\",\n            triggerHook: 0.9,\n            offset: 0\n        })\n            .setClassToggle(\".darum-gehts-block .media-block\", \"visibleBlock\")\n            .addTo(controller);\n    <\/script>\n\n\n\n<div class=\"empty-divider\"><\/div>\n\n\n    <section class=\"title-with-yellow-bg-block block-margins\">\n        \n        <div class=\"title-with-yellow-bg-inner-container\">\n                            <h2 class=\"title-with-yellow-bg mb_0\"><span>Aderire ora al comitato<\/span><\/h2><br>\n            \n                            <h2 class=\"title-with-white-bg\"><span>per aiutarci a diffondere il messaggio. <\/span><\/h2>\n            \n                            <div class=\"link-wrapper\">\n                    <a href=\"https:\/\/chaos.bertaeins.ch\/it\/komitee\/\"  class=\"primary-theme-btn\">\n                        Comitato                    <\/a>\n                <\/div>\n                    <\/div>\n    <\/section>\n\n\n\n\n\n\n\n\n<p><\/p>\n","protected":false},"excerpt":{"rendered":"","protected":false},"author":1,"featured_media":755,"parent":0,"menu_order":0,"comment_status":"closed","ping_status":"closed","template":"","meta":{"_acf_changed":false,"inline_featured_image":false,"footnotes":""},"class_list":["post-699","page","type-page","status-publish","has-post-thumbnail","hentry"],"acf":[],"_links":{"self":[{"href":"https:\/\/chaos.bertaeins.ch\/it\/wp-json\/wp\/v2\/pages\/699","targetHints":{"allow":["GET"]}}],"collection":[{"href":"https:\/\/chaos.bertaeins.ch\/it\/wp-json\/wp\/v2\/pages"}],"about":[{"href":"https:\/\/chaos.bertaeins.ch\/it\/wp-json\/wp\/v2\/types\/page"}],"author":[{"embeddable":true,"href":"https:\/\/chaos.bertaeins.ch\/it\/wp-json\/wp\/v2\/users\/1"}],"replies":[{"embeddable":true,"href":"https:\/\/chaos.bertaeins.ch\/it\/wp-json\/wp\/v2\/comments?post=699"}],"version-history":[{"count":5,"href":"https:\/\/chaos.bertaeins.ch\/it\/wp-json\/wp\/v2\/pages\/699\/revisions"}],"predecessor-version":[{"id":1006,"href":"https:\/\/chaos.bertaeins.ch\/it\/wp-json\/wp\/v2\/pages\/699\/revisions\/1006"}],"wp:featuredmedia":[{"embeddable":true,"href":"https:\/\/chaos.bertaeins.ch\/it\/wp-json\/wp\/v2\/media\/755"}],"wp:attachment":[{"href":"https:\/\/chaos.bertaeins.ch\/it\/wp-json\/wp\/v2\/media?parent=699"}],"curies":[{"name":"wp","href":"https:\/\/api.w.org\/{rel}","templated":true}]}}