{"id":696,"date":"2026-02-17T11:11:47","date_gmt":"2026-02-17T10:11:47","guid":{"rendered":"https:\/\/chaos.bertaeins.ch\/argumente\/"},"modified":"2026-03-12T12:08:14","modified_gmt":"2026-03-12T11:08:14","slug":"argomenti","status":"publish","type":"page","link":"https:\/\/chaos.bertaeins.ch\/it\/argomenti\/","title":{"rendered":"Argomenti"},"content":{"rendered":"\n    <section class=\"intro-text-block block-margins\">\n                    <h2 class=\"big\">Perch\u00e9 votare <span>NO<\/span> a questa pericolosa iniziativa<\/h2>\n        \n                    <div class=\"lead-text-block\">\n                <p data-start=\"0\" data-end=\"184\"><strong>Gli ospedali e i servizi di assistenza svizzeri vogliono continuare a garantire alla Svizzera un\u2019assistenza sanitaria di qualit\u00e0. Per questo motivo respingono questa pericolosa iniziativa.<\/strong><\/p>\n<p data-start=\"186\" data-end=\"602\">Il cambiamento demografico \u00e8 una realt\u00e0: la popolazione svizzera sta invecchiando e le generazioni pi\u00f9 numerose stanno andando in pensione. Di conseguenza, la popolazione attiva si riduce. Allo stesso tempo, aumenta il fabbisogno di cure e di prestazioni mediche. Tuttavia, questa offerta pu\u00f2 essere garantita solo dal personale che lavora nel Paese e si trova quindi sotto crescente pressione. Un tetto rigido alla popolazione, che limita l\u2019accesso a personale qualificato dall&#8217;estero, aggrava la carenza di personale e porta a una pericolosa lacuna nell\u2019assistenza sanitaria.<\/p>\n            <\/div>\n            <\/section>\n\n\n\n\n\n\n\n\n    <section class=\"darum-gehts-block\">\n        <div class=\"darum-gehts-block-content\">\n                            <div class=\"media-block visibleInBackend\">\n\n                                                                        <div class=\"darum-gehts-image-desktop\" style=\"background-image: url('https:\/\/chaos.bertaeins.ch\/wp-content\/uploads\/2026\/03\/21-9-1-1200x514.png')\">\n                            <\/div>\n                        \n\n                                                    <div class=\"darum-gehts-image-mobile\">\n                                <img decoding=\"async\" src=\"https:\/\/chaos.bertaeins.ch\/wp-content\/uploads\/2026\/03\/4-5-1-960x1200.png\" alt=\"4-5\">\n                            <\/div>\n                                            \n                                    <\/div>\n            \n                    <\/div>\n    <\/section>\n\n    <script>\n        var controller = new ScrollMagic.Controller();\n\n        new ScrollMagic.Scene({\n            triggerElement: \".darum-gehts-block .text-block\",\n            triggerHook: 0.9,\n            offset: 0\n        })\n            .setClassToggle(\".darum-gehts-block .text-block\", \"visibleBlock\")\n            .addTo(controller);\n\n        new ScrollMagic.Scene({\n            triggerElement: \".darum-gehts-block .media-block\",\n            triggerHook: 0.9,\n            offset: 0\n        })\n            .setClassToggle(\".darum-gehts-block .media-block\", \"visibleBlock\")\n            .addTo(controller);\n    <\/script>\n\n\n\n            <section class=\"arguments-block block-margins\" id=\"69ddae5c641f6\">\n            <div class=\"argument-block-content\">\n                                    <div class=\"title-block-wrapper scrollMagic-block visibleInBackend\" data-uid=\"69ddae5c641fa\">\n                        \n                                                    <div class=\"title-wrapper\">\n                                <h2 class=\"block-title with-border-bottom\">Argomenti<\/h2>\n                            <\/div>\n                                            <\/div>\n                \n                <div class=\"accordion scrollMagic-block visibleInBackend\" data-uid=\"69ddae5c641fc\">\n                                            <div class=\"accordion-item scrollMagic-block visibleInBackend\"  data-uid=\"69ddae5c641fd\">\n                            <div class=\"accordion-item-header-block active\" data-number=\"1\">\n                                <h3 class=\"text-left text-white mb-0\">Un rigido tetto alla popolazione porta a lacune nell&#8217;assistenza sanitaria<\/h3>\n                            <\/div>\n\n                            <div class=\"accordion-item-content-block active\">\n                                                                    <div class=\"simple-text-block\">\n                                        <p>L\u2019iniziativa limita la popolazione residente a dieci milioni di persone e, in caso di superamento di questo limite, richiede la disdetta dell\u2019Accordo sulla libera circolazione delle persone.<\/p>\n<p>Il sistema sanitario svizzero dipende strutturalmente da personale qualificato proveniente dai Paesi vicini dell&#8217;UE. Un tetto rigido all\u2019immigrazione porterebbe una riduzione dell&#8217;offerta di prestazioni sanitarie e crea lacune nell\u2019assistenza sanitaria.<\/p>\n                                    <\/div>\n                                \n                                                            <\/div>\n                        <\/div>\n                                                <div class=\"accordion-item scrollMagic-block visibleInBackend\"  data-uid=\"69ddae5c66a29\">\n                            <div class=\"accordion-item-header-block \" data-number=\"2\">\n                                <h3 class=\"text-left text-white mb-0\">Tempi di attesa pi\u00f9 lunghi per i pazienti<\/h3>\n                            <\/div>\n\n                            <div class=\"accordion-item-content-block \">\n                                                                    <div class=\"simple-text-block\">\n                                        <p>La mancanza di personale significa tempi di attesa ancora pi\u00f9 lunghi. I reparti ospedalieri, studi medici, case di cura e servizi spitex dovrebbero ridurre le prestazioni o chiudere. La domanda continua ad aumentare, ma con questa iniziativa ridurremmo drasticamente il personale e l&#8217;offerta sanitaria. <\/p>\n                                    <\/div>\n                                \n                                                            <\/div>\n                        <\/div>\n                                                <div class=\"accordion-item scrollMagic-block visibleInBackend\"  data-uid=\"69ddae5c66ce1\">\n                            <div class=\"accordion-item-header-block \" data-number=\"3\">\n                                <h3 class=\"text-left text-white mb-0\">Peggiore qualit\u00e0 delle cure<\/h3>\n                            <\/div>\n\n                            <div class=\"accordion-item-content-block \">\n                                                                    <div class=\"simple-text-block\">\n                                        <p>Se mancano nuovi medici, specialisti e personale di cura, cresce la pressione sul personale attuale che dovrebbero assorbire un carico crescente di lavoro. Questo ha conseguenze dirette per la qualit\u00e0 delle cure e la sicurezza dei pazienti. <\/p>\n                                    <\/div>\n                                \n                                                            <\/div>\n                        <\/div>\n                                                <div class=\"accordion-item scrollMagic-block visibleInBackend\"  data-uid=\"69ddae5c66e81\">\n                            <div class=\"accordion-item-header-block \" data-number=\"4\">\n                                <h3 class=\"text-left text-white mb-0\">Costi e premi in aumento <\/h3>\n                            <\/div>\n\n                            <div class=\"accordion-item-content-block \">\n                                                                    <div class=\"simple-text-block\">\n                                        <p>Senza un accesso semplificato al mercato del lavoro europeo, aumenta la competizione per il personale qualificato. Le strutture che offrono prestazioni sanitarie dovranno ricorrere maggiormente a personale temporaneo e a costosi intermediari. I costi per il personale aumenteranno e ci\u00f2 si ripercuoter\u00e0 anche sui premi dell&#8217;assicurazione-malattia. <\/p>\n                                    <\/div>\n                                \n                                                            <\/div>\n                        <\/div>\n                                                <div class=\"accordion-item scrollMagic-block visibleInBackend\"  data-uid=\"69ddae5c67000\">\n                            <div class=\"accordion-item-header-block \" data-number=\"5\">\n                                <h3 class=\"text-left text-white mb-0\">Le regioni di confine particolarmente penalizzate<\/h3>\n                            <\/div>\n\n                            <div class=\"accordion-item-content-block \">\n                                                                    <div class=\"simple-text-block\">\n                                        <p>Nei cantoni Ginevra, Basilea oppure in Ticino, la sanit\u00e0 dipende fortemente dal personale estero. La caduta della libera circolazione renderebbe l&#8217;accesso per i lavoratori frontalieri estremamente complesso, burocratico e lento. Se dovesse mancare questa forza lavoro, per la sanit\u00e0 nelle regioni confine sarebbe una situazione estremamente difficile con un forte ridimensionamento delle prestazioni sanitarie.<\/p>\n                                    <\/div>\n                                \n                                                            <\/div>\n                        <\/div>\n                                        <\/div>\n\n                            <\/div>\n        <\/section>\n    \n\n\n\n<p><\/p>\n\n\n\n<p><\/p>\n\n\n\n<h2 class=\"wp-block-heading\">Downloads<\/h2>\n\n\n\n<p><\/p>\n\n\n\n<div class=\"wp-block-buttons is-layout-flex wp-block-buttons-is-layout-flex\">\n<div class=\"wp-block-button is-style-button-primary-border\"><a class=\"wp-block-button__link wp-element-button\">Argomenti (PDF)<\/a><\/div>\n<\/div>\n\n\n\n<p><\/p>\n\n\n\n    <section class=\"darum-gehts-block\">\n        <div class=\"darum-gehts-block-content\">\n                            <div class=\"media-block visibleInBackend\">\n\n                                                                        <div class=\"darum-gehts-image-desktop\" style=\"background-image: url('https:\/\/chaos.bertaeins.ch\/wp-content\/uploads\/2026\/03\/21-9-1200x514.png')\">\n                            <\/div>\n                        \n\n                                                    <div class=\"darum-gehts-image-mobile\">\n                                <img decoding=\"async\" src=\"https:\/\/chaos.bertaeins.ch\/wp-content\/uploads\/2026\/03\/4-5-960x1200.png\" alt=\"4-5\">\n                            <\/div>\n                                            \n                                    <\/div>\n            \n                            <div class=\"text-block  visibleInBackend\">\n                    \n                                            <h2 class=\"block-title text-white\">Chi dice NO<\/h2>\n                    \n                                            <div class=\"lead-text-block text-wrapper text-white\">\n                            <p>Gli ospedali svizzeri e i servizi di cura vogliono continuare a operare in Svizzera in maniera sicura. Per questo dicono di NO a questa pericolosa iniziativa.<\/p>\n                        <\/div>\n                    \n                                            <div class=\"link\">\n                            <a href=\"https:\/\/chaos.bertaeins.ch\/it\/verbaende\/\"  class=\"white-theme-btn\">\n                                Organizzazioni                            <\/a>\n                        <\/div>\n                                    <\/div>\n                    <\/div>\n    <\/section>\n\n    <script>\n        var controller = new ScrollMagic.Controller();\n\n        new ScrollMagic.Scene({\n            triggerElement: \".darum-gehts-block .text-block\",\n            triggerHook: 0.9,\n            offset: 0\n        })\n            .setClassToggle(\".darum-gehts-block .text-block\", \"visibleBlock\")\n            .addTo(controller);\n\n        new ScrollMagic.Scene({\n            triggerElement: \".darum-gehts-block .media-block\",\n            triggerHook: 0.9,\n            offset: 0\n        })\n            .setClassToggle(\".darum-gehts-block .media-block\", \"visibleBlock\")\n            .addTo(controller);\n    <\/script>\n\n\n\n\n<p><\/p>\n\n\n\n<p><\/p>\n","protected":false},"excerpt":{"rendered":"<p>Downloads<\/p>\n","protected":false},"author":1,"featured_media":737,"parent":0,"menu_order":0,"comment_status":"closed","ping_status":"closed","template":"","meta":{"_acf_changed":false,"inline_featured_image":false,"footnotes":""},"class_list":["post-696","page","type-page","status-publish","has-post-thumbnail","hentry"],"acf":[],"_links":{"self":[{"href":"https:\/\/chaos.bertaeins.ch\/it\/wp-json\/wp\/v2\/pages\/696","targetHints":{"allow":["GET"]}}],"collection":[{"href":"https:\/\/chaos.bertaeins.ch\/it\/wp-json\/wp\/v2\/pages"}],"about":[{"href":"https:\/\/chaos.bertaeins.ch\/it\/wp-json\/wp\/v2\/types\/page"}],"author":[{"embeddable":true,"href":"https:\/\/chaos.bertaeins.ch\/it\/wp-json\/wp\/v2\/users\/1"}],"replies":[{"embeddable":true,"href":"https:\/\/chaos.bertaeins.ch\/it\/wp-json\/wp\/v2\/comments?post=696"}],"version-history":[{"count":16,"href":"https:\/\/chaos.bertaeins.ch\/it\/wp-json\/wp\/v2\/pages\/696\/revisions"}],"predecessor-version":[{"id":1027,"href":"https:\/\/chaos.bertaeins.ch\/it\/wp-json\/wp\/v2\/pages\/696\/revisions\/1027"}],"wp:featuredmedia":[{"embeddable":true,"href":"https:\/\/chaos.bertaeins.ch\/it\/wp-json\/wp\/v2\/media\/737"}],"wp:attachment":[{"href":"https:\/\/chaos.bertaeins.ch\/it\/wp-json\/wp\/v2\/media?parent=696"}],"curies":[{"name":"wp","href":"https:\/\/api.w.org\/{rel}","templated":true}]}}