{"id":250,"date":"2024-02-12T17:11:43","date_gmt":"2024-02-12T16:11:43","guid":{"rendered":"https:\/\/chaos.bertaeins.ch\/startseite\/"},"modified":"2026-04-20T09:36:23","modified_gmt":"2026-04-20T07:36:23","slug":"startseite","status":"publish","type":"page","link":"https:\/\/chaos.bertaeins.ch\/it\/","title":{"rendered":"Tempi di attesa pi\u00f9 lunghi per le pazienti e i pazienti"},"content":{"rendered":"\n    <section class=\"darum-gehts-block\">\n        <div class=\"darum-gehts-block-content\">\n                            <div class=\"media-block visibleInBackend\">\n\n                                                                        <div class=\"darum-gehts-image-desktop\" style=\"background-image: url('https:\/\/chaos.bertaeins.ch\/wp-content\/uploads\/2026\/03\/Block-Bild-desktop-1200x500.png')\">\n                            <\/div>\n                        \n\n                                                    <div class=\"darum-gehts-image-mobile\">\n                                <img decoding=\"async\" src=\"https:\/\/chaos.bertaeins.ch\/wp-content\/uploads\/2026\/03\/Block-Bild-desktop-1.png\" alt=\"Block Bild desktop\">\n                            <\/div>\n                                            \n                                    <\/div>\n            \n                            <div class=\"text-block  visibleInBackend\">\n                    \n                                            <h2 class=\"block-title text-white\">NO al caos delle cure<\/h2>\n                    \n                                            <div class=\"lead-text-block text-wrapper text-white\">\n                            <p>NO all&#8217;estrema iniziativa &#8220;NO a una Svizzera da 10 milioni&#8221; dell&#8217;UDC. Questa proposta mette a rischio vite e l&#8217;intero sistema sanitario. Inasprisce la mancanza di personale qualificato e mette a rischio l&#8217;assistenza sanitarie e le cure per tutta la popolazione.<\/p>\n                        <\/div>\n                    \n                                            <div class=\"link\">\n                            <a href=\"https:\/\/chaos.bertaeins.ch\/it\/argomenti\/\"  class=\"white-theme-btn\">\n                                Argomenti                            <\/a>\n                        <\/div>\n                                    <\/div>\n                    <\/div>\n    <\/section>\n\n    <script>\n        var controller = new ScrollMagic.Controller();\n\n        new ScrollMagic.Scene({\n            triggerElement: \".darum-gehts-block .text-block\",\n            triggerHook: 0.9,\n            offset: 0\n        })\n            .setClassToggle(\".darum-gehts-block .text-block\", \"visibleBlock\")\n            .addTo(controller);\n\n        new ScrollMagic.Scene({\n            triggerElement: \".darum-gehts-block .media-block\",\n            triggerHook: 0.9,\n            offset: 0\n        })\n            .setClassToggle(\".darum-gehts-block .media-block\", \"visibleBlock\")\n            .addTo(controller);\n    <\/script>\n\n\n\n\n<h3 class=\"wp-block-heading\"><\/h3>\n\n\n\n<p><\/p>\n\n\n\n<hr class=\"wp-block-separator has-alpha-channel-opacity\"\/>\n\n\n            <section class=\"arguments-block block-margins\" id=\"69e5e862b547b\">\n            <div class=\"argument-block-content\">\n                                    <div class=\"title-block-wrapper scrollMagic-block visibleInBackend\" data-uid=\"69e5e862b547e\">\n                        \n                                                    <div class=\"title-wrapper\">\n                                <h2 class=\"block-title with-border-bottom\">Perch\u00e9 votare NO<\/h2>\n                            <\/div>\n                                            <\/div>\n                \n                <div class=\"accordion scrollMagic-block visibleInBackend\" data-uid=\"69e5e862b547f\">\n                                            <div class=\"accordion-item scrollMagic-block visibleInBackend\"  data-uid=\"69e5e862b5480\">\n                            <div class=\"accordion-item-header-block active\" data-number=\"1\">\n                                <h3 class=\"text-left text-white mb-0\">Un rigido tetto alla popolazione porta a lacune nell\u2019assistenza sanitaria<\/h3>\n                            <\/div>\n\n                            <div class=\"accordion-item-content-block active\">\n                                                                    <div class=\"simple-text-block\">\n                                        <p>La popolazione svizzera invecchia sempre di pi\u00f9. Questo significa pi\u00f9 pensionati in relazione con una popolazione attiva in calo. Tuttavia, le persone anziane richiedono anche pi\u00f9 assistenza e prestazioni mediche. Se non \u00e8 possibile assumere personale sanitario qualificato dall\u2019estero, ci saranno importanti lacune nell&#8217;assistenza sanitaria.<\/p>\n                                    <\/div>\n                                \n                                                            <\/div>\n                        <\/div>\n                                                <div class=\"accordion-item scrollMagic-block visibleInBackend\"  data-uid=\"69e5e862b5658\">\n                            <div class=\"accordion-item-header-block \" data-number=\"2\">\n                                <h3 class=\"text-left text-white mb-0\">Tempi di attesa pi\u00f9 lunghi per i pazienti<\/h3>\n                            <\/div>\n\n                            <div class=\"accordion-item-content-block \">\n                                                                    <div class=\"simple-text-block\">\n                                        <p>L\u2019iniziativa chiede che, se si supera la soglia dei 10 milioni di abitanti, venga rescisso l&#8217;accordo per la libera circolazione delle persone. Questo avrebbe gravi conseguenze per la sanit\u00e0. Con una domanda in continuo aumento, limitare rigidamente l&#8217;accesso a personale dai Paesi vicini porterebbe a gravi mancanze di personale. Ospedali, studi medici, case di cura e servizi di assistenza a domicilio dovranno chiudere interi reparti e ridurre i servizi per mancanza di personale qualificato. Di conseguenza, i tempi di attesa aumentano in tutti i settori della sanit\u00e0.<\/p>\n                                    <\/div>\n                                \n                                                            <\/div>\n                        <\/div>\n                                                <div class=\"accordion-item scrollMagic-block visibleInBackend\"  data-uid=\"69e5e862b57e4\">\n                            <div class=\"accordion-item-header-block \" data-number=\"3\">\n                                <h3 class=\"text-left text-white mb-0\">La penuria di personale mette a rischio la sicurezza dei pazienti<\/h3>\n                            <\/div>\n\n                            <div class=\"accordion-item-content-block \">\n                                                                    <div class=\"simple-text-block\">\n                                        <p>Se mancano medici e personale infermieristico qualificato, il carico di lavoro per chi resta aumenta molto. Questo ha effetti diretti sulla qualit\u00e0 delle cure e sulla sicurezza dei pazienti. Studi dimostrano che la mancanza di personale \u00e8 collegata a un rischio pi\u00f9 alto di mortalit\u00e0 negli ospedali, soprattutto nei casi di emergenza.<\/p>\n                                    <\/div>\n                                \n                                                            <\/div>\n                        <\/div>\n                                                <div class=\"accordion-item scrollMagic-block visibleInBackend\"  data-uid=\"69e5e862b592b\">\n                            <div class=\"accordion-item-header-block \" data-number=\"4\">\n                                <h3 class=\"text-left text-white mb-0\">Costi e premi in aumento<\/h3>\n                            <\/div>\n\n                            <div class=\"accordion-item-content-block \">\n                                                                    <div class=\"simple-text-block\">\n                                        <p>La fine della libera circolazione rende molto pi\u00f9 complicato assumere personale in Svizzera. Per le organizzazioni sanitarie aumenta il lavoro amministrativo. Le assunzioni richiedono pi\u00f9 tempo e i costi per trovare personale crescono. Questo fa aumentare ulteriormente anche i costi della sanit\u00e0.<br \/>\nSenza immigrazione nel mercato del lavoro mancano inoltre importanti contributi per l\u2019assicurazione malattia. Anche questo far\u00e0 salire ancora i premi.<\/p>\n                                    <\/div>\n                                \n                                                            <\/div>\n                        <\/div>\n                                                <div class=\"accordion-item scrollMagic-block visibleInBackend\"  data-uid=\"69e5e862b5a7d\">\n                            <div class=\"accordion-item-header-block \" data-number=\"5\">\n                                <h3 class=\"text-left text-white mb-0\">Le regioni di confine particolarmente penalizzate<\/h3>\n                            <\/div>\n\n                            <div class=\"accordion-item-content-block \">\n                                                                    <div class=\"simple-text-block\">\n                                        <p>Particolarmente a rischio sono le regioni di confine, il cui sistema sanitario dipende in modo fondamentale dal personale proveniente dall\u2019estero. In Ticino, quasi il 70% dei medici ospedalieri ha conseguito il diploma all\u2019estero. Nella regione di Ginevra, pi\u00f9 della met\u00e0 del personale infermieristico ha una formazione svolta all&#8217;estero. Senza questi professionisti, il sistema non sarebbe sostenibile.<\/p>\n                                    <\/div>\n                                \n                                                            <\/div>\n                        <\/div>\n                                                <div class=\"accordion-item scrollMagic-block visibleInBackend\"  data-uid=\"69e5e862b5bb7\">\n                            <div class=\"accordion-item-header-block \" data-number=\"6\">\n                                <h3 class=\"text-left text-white mb-0\">Scontro sulla distribuzione dei contingenti<\/h3>\n                            <\/div>\n\n                            <div class=\"accordion-item-content-block \">\n                                                                    <div class=\"simple-text-block\">\n                                        <p>La fine della libera circolazione significherebbe tornare a quote stabilite dallo Stato. Questo porterebbe a una forte competizione tra i diversi settori e tra le singole organizzazioni. Le aziende pi\u00f9 piccole e le regioni periferiche rischierebbero di essere svantaggiate rispetto ai grandi centri nell\u2019assegnazione dei pochi permessi disponibili.<\/p>\n                                    <\/div>\n                                \n                                                            <\/div>\n                        <\/div>\n                                        <\/div>\n\n                                    <div class=\"link scrollMagic-block visibleInBackend\" data-uid=\"69e5e862b5ce5\">\n                        <a href=\"https:\/\/chaos.bertaeins.ch\/it\/argomenti\/\" class=\" primary-theme-btn-border\">\n                            Leggere tutti gli argomenti                        <\/a>\n                    <\/div>\n                            <\/div>\n        <\/section>\n    \n\n\n\n        <section class=\"image-bg-title-link-block\">\n            <div class=\"bg\"  style=\"background-image: url('https:\/\/chaos.bertaeins.ch\/wp-content\/uploads\/2026\/03\/AdobeStock_1848445781-1200x633.jpeg');\"><\/div>\n\n            <div class=\"image-bg-title-link-content-wrapper\">\n                                    <h2 class=\"mb_0 big\"><span>Vuoi sostenere la nostra campagna?<\/span><\/h2>\n                \n                                    <div class=\"link\">\n                        <a href=\"https:\/\/chaos.bertaeins.ch\/it\/material\/\" class=\"primary-theme-btn\" >Materiale di campagna<\/a>\n                    <\/div>\n                            <\/div>\n        <\/section>\n\n\n\n\n\n\n    <section class=\"title-subtitle-blue-bg-block\">\n        <div class=\"title-subtitle-blue-bg-content-wrapper\">\n                            <p class=\"mb_0 block-subtitle\"><span>LA POPOLAZIONE SVIZZERA INVECCHIA<\/span><\/p>\n                <div class=\"local-title-divider\"><\/div>\n            \n                            <h2 class=\"mb_0 like-h1\"><span>Un tetto rigido alla popolazione crea lacune nelle cure<\/span><\/h2>\n                    <\/div>\n    <\/section>\n\n\n\n\n\n\n\n    <section class=\"title-with-yellow-bg-block block-margins\">\n        \n        <div class=\"title-with-yellow-bg-inner-container\">\n                            <h2 class=\"title-with-yellow-bg mb_0\"><span>Aderire al comitato<\/span><\/h2><br>\n            \n                            <h2 class=\"title-with-white-bg\"><span>e sostenere la campagna.<\/span><\/h2>\n            \n                            <div class=\"link-wrapper\">\n                    <a href=\"https:\/\/chaos.bertaeins.ch\/it\/komitee\/\"  class=\"primary-theme-btn\">\n                        Comitato                    <\/a>\n                <\/div>\n                    <\/div>\n    <\/section>\n\n\n\n\n\n","protected":false},"excerpt":{"rendered":"","protected":false},"author":1,"featured_media":0,"parent":0,"menu_order":0,"comment_status":"closed","ping_status":"closed","template":"","meta":{"_acf_changed":false,"inline_featured_image":false,"footnotes":""},"class_list":["post-250","page","type-page","status-publish","hentry"],"acf":[],"_links":{"self":[{"href":"https:\/\/chaos.bertaeins.ch\/it\/wp-json\/wp\/v2\/pages\/250","targetHints":{"allow":["GET"]}}],"collection":[{"href":"https:\/\/chaos.bertaeins.ch\/it\/wp-json\/wp\/v2\/pages"}],"about":[{"href":"https:\/\/chaos.bertaeins.ch\/it\/wp-json\/wp\/v2\/types\/page"}],"author":[{"embeddable":true,"href":"https:\/\/chaos.bertaeins.ch\/it\/wp-json\/wp\/v2\/users\/1"}],"replies":[{"embeddable":true,"href":"https:\/\/chaos.bertaeins.ch\/it\/wp-json\/wp\/v2\/comments?post=250"}],"version-history":[{"count":45,"href":"https:\/\/chaos.bertaeins.ch\/it\/wp-json\/wp\/v2\/pages\/250\/revisions"}],"predecessor-version":[{"id":1325,"href":"https:\/\/chaos.bertaeins.ch\/it\/wp-json\/wp\/v2\/pages\/250\/revisions\/1325"}],"wp:attachment":[{"href":"https:\/\/chaos.bertaeins.ch\/it\/wp-json\/wp\/v2\/media?parent=250"}],"curies":[{"name":"wp","href":"https:\/\/api.w.org\/{rel}","templated":true}]}}