{"id":702,"date":"2026-02-17T11:11:54","date_gmt":"2026-02-17T10:11:54","guid":{"rendered":"https:\/\/chaos.bertaeins.ch\/komitee\/"},"modified":"2026-03-27T10:56:21","modified_gmt":"2026-03-27T09:56:21","slug":"komitee","status":"publish","type":"page","link":"https:\/\/chaos.bertaeins.ch\/fr\/komitee\/","title":{"rendered":"Comit\u00e9 de soutien"},"content":{"rendered":"\n    <section class=\"intro-text-block block-margins\">\n                    <h2 class=\"big\">NON au <span>chaos dans les soins !<\/span><\/h2>\n        \n                    <div class=\"lead-text-block\">\n                <p><span style=\"font-weight: 400;\">Un large comit\u00e9 compos\u00e9 de repr\u00e9sentantes et repr\u00e9sentants du secteur de la sant\u00e9, de la politique et de la soci\u00e9t\u00e9 civile s&rsquo;engage contre l&rsquo;initiative \u00ab Pas de Suisse \u00e0 10 millions \u00bb. Ensemble, nous nous mobilisons pour garantir une prise en charge m\u00e9dicale s\u00fbre et de haute qualit\u00e9 en Suisse. <\/span><\/p>\n<p><span style=\"font-weight: 400;\"><strong>Aidez-nous et engagez-vous contre le chaos dans les soins.<\/strong><\/span><\/p>\n            <\/div>\n            <\/section>\n\n\n\n\n\n\n\n\n            <section class=\"mitglieder-block mitglieder-block-69ddaeb83aa63 block-margins block-paddings with-bg\">\n            <div class=\"title-block-wrapper visibleInBackend\">\n                \n                                    <h2 class=\"block-title text-white\">Co-pr\u00e9sidence<\/h2>\n                            <\/div>\n\n            <div class=\"mitglieder_result_block visibleInBackend\">\n                                    <div class=\"mitglied \">\n                                                    <img decoding=\"async\" class=\"member-photo member-photo-white\" src=\"https:\/\/chaos.bertaeins.ch\/wp-content\/uploads\/2026\/02\/Regine-Sauter.png\" alt=\"Regine Sauter\"\/>\n                                                <div class=\"member-text\">\n                            <p class=\"member-name text-white\">Regine Sauter<\/p>\n\n                                                            <p class=\"member-position text-white\">Nationalr\u00e4tin FDP<\/p>\n                                                    <\/div>\n                    <\/div>\n                                    <div class=\"mitglied \">\n                                                    <img decoding=\"async\" class=\"member-photo member-photo-white\" src=\"https:\/\/chaos.bertaeins.ch\/wp-content\/uploads\/2026\/02\/Patrick-Haessig.png\" alt=\"Patrick Ha\u0308ssig\"\/>\n                                                <div class=\"member-text\">\n                            <p class=\"member-name text-white\">Patrick H\u00e4ssig<\/p>\n\n                                                            <p class=\"member-position text-white\">Nationalrat GLP<\/p>\n                                                    <\/div>\n                    <\/div>\n                                    <div class=\"mitglied \">\n                                                    <img decoding=\"async\" class=\"member-photo member-photo-white\" src=\"https:\/\/chaos.bertaeins.ch\/wp-content\/uploads\/2026\/04\/Farah-Rumy.png\" alt=\"Farah Rumy\"\/>\n                                                <div class=\"member-text\">\n                            <p class=\"member-name text-white\">Farah Rumy<\/p>\n\n                                                            <p class=\"member-position text-white\">Conseill\u00e8re national PS<\/p>\n                                                    <\/div>\n                    <\/div>\n                                    <div class=\"mitglied \">\n                                                    <img decoding=\"async\" class=\"member-photo member-photo-white\" src=\"https:\/\/chaos.bertaeins.ch\/wp-content\/uploads\/2026\/02\/Laurent-Wehrli.png\" alt=\"Laurent Wehrli\"\/>\n                                                <div class=\"member-text\">\n                            <p class=\"member-name text-white\">Laurent Wehrli<\/p>\n\n                                                            <p class=\"member-position text-white\">Conseiller national PLR<\/p>\n                                                    <\/div>\n                    <\/div>\n                                    <div class=\"mitglied \">\n                                                    <img decoding=\"async\" class=\"member-photo member-photo-white\" src=\"https:\/\/chaos.bertaeins.ch\/wp-content\/uploads\/2026\/03\/Christian-Lohr.png\" alt=\"Christian Lohr\"\/>\n                                                <div class=\"member-text\">\n                            <p class=\"member-name text-white\">Christian Lohr<\/p>\n\n                                                            <p class=\"member-position text-white\">Nationalrat Die Mitte<\/p>\n                                                    <\/div>\n                    <\/div>\n                                    <div class=\"mitglied \">\n                                                    <img decoding=\"async\" class=\"member-photo member-photo-white\" src=\"https:\/\/chaos.bertaeins.ch\/wp-content\/uploads\/2026\/03\/Manuela-Weichelt.png\" alt=\"Manuela Weichelt\"\/>\n                                                <div class=\"member-text\">\n                            <p class=\"member-name text-white\">Manuela Weichelt<\/p>\n\n                                                            <p class=\"member-position text-white\">Nationalr\u00e4tin GR\u00dcNE<\/p>\n                                                    <\/div>\n                    <\/div>\n                                    <div class=\"mitglied \">\n                                                    <img decoding=\"async\" class=\"member-photo member-photo-white\" src=\"https:\/\/chaos.bertaeins.ch\/wp-content\/uploads\/2026\/02\/Ursula-Zybach.png\" alt=\"Ursula Zybach\"\/>\n                                                <div class=\"member-text\">\n                            <p class=\"member-name text-white\">Ursula Zybach<\/p>\n\n                                                            <p class=\"member-position text-white\">Nationalr\u00e4tin SP<\/p>\n                                                    <\/div>\n                    <\/div>\n                            <\/div>\n\n                    <\/section>\n\n        <script>\n            var controller = new ScrollMagic.Controller();\n\n            new ScrollMagic.Scene({\n                triggerElement: \".mitglieder-block-69ddaeb83aa63 .title-block-wrapper\",\n                triggerHook: 0.95,\n                offset: 0\n            })\n                .setClassToggle(\".mitglieder-block-69ddaeb83aa63 .title-block-wrapper\", \"visibleBlock\")\n                .addTo(controller);\n\n            new ScrollMagic.Scene({\n                triggerElement: \".mitglieder-block-69ddaeb83aa63 .mitglieder_result_block\",\n                triggerHook: 0.95,\n                offset: 0\n            })\n                .setClassToggle(\".mitglieder-block-69ddaeb83aa63 .mitglieder_result_block\", \"visibleBlock\")\n                .addTo(controller);\n        <\/script>\n    \n\n\n\n    <section class=\"komitee-block block-margins visibleInBackend\" data-languagetype=\"current\">\n        <div class=\"fade-block\"><\/div>\n\n        <h2 class=\"big\">Wir sagen NEIN<\/h2>\n\n        <div class=\"persons\">\n            <table class=\"table table-striped\">\n                <thead>\n                <tr class=\"person-filters\">\n                    <td>\n                        <input type=\"text\" id=\"vorname\" autocomplete=\"off\" placeholder=\"Name\">\n                        <button type=\"submit\" class=\"search-btn\"><\/button>\n                    <\/td>\n                    <td>\n                        <input type=\"text\" id=\"nachname\" autocomplete=\"off\" placeholder=\"Nachname\">\n                        <button type=\"submit\" class=\"search-btn\"><\/button>\n                    <\/td>\n                    <td>\n                        <input type=\"text\" id=\"funktion\" autocomplete=\"off\" placeholder=\"Funktion\">\n                        <button type=\"submit\" class=\"search-btn\"><\/button>\n                    <\/td>\n                    <td>\n                        <input type=\"text\" id=\"partei\"  autocomplete=\"off\" placeholder=\"Partei\">\n                        <button type=\"submit\" class=\"search-btn\"><\/button>\n                    <\/td>\n                    <td>\n                        <input type=\"text\" id=\"ort\" autocomplete=\"off\" placeholder=\"Ort\">\n                        <button type=\"submit\" class=\"search-btn\"><\/button>\n                    <\/td>\n                <\/tr>\n                <\/thead>\n                <tbody>\n                                <\/tbody>\n            <\/table>\n        <\/div>\n\n        <div class=\"pagination\" data-postsperpage=\"10\" data-maxpage=\"0\" data-lang=\"fr\" data-pageid=\"702\">\n                    <\/div>\n    <\/section>\n\n    <script>\n        var controller = new ScrollMagic.Controller();\n\n        new ScrollMagic.Scene({\n            triggerElement: \".komitee-block\",\n            triggerHook: 0.8,\n            offset: 0\n        })\n            .setClassToggle(\".komitee-block\", \"visibleBlock\")\n            .addTo(controller);\n    <\/script>\n\n\n\n\n            <section class=\"form-1-block block-margins no_bg\" id=\"\">\n            <div class=\"form_1_block_bg no_bg\"><\/div>\n\n                <div class=\"title-block-wrapper visibleInBackend\">\n                    \n                                            <h2 class=\"block-title \">Rejoindre le comit\u00e9 de soutien<\/h2>\n                                    <\/div>\n\n                                    <div class=\"form  visibleInBackend\">\n                        <div class=\"frm_forms \" id=\"frm_form_25_container\" >\n<form enctype=\"multipart\/form-data\" method=\"post\" class=\"frm-show-form  frm_js_validate  frm_ajax_submit  frm_pro_form \" id=\"form_newsletter-form-de88d931f524b5b33b10b223\" >\n<div class=\"frm_form_fields \">\n<fieldset>\n<legend class=\"frm_screen_reader\">Komitee FR (Gutenberg block)<\/legend>\r\n\r\n<div class=\"frm_fields_container\">\n<input type=\"hidden\" name=\"frm_action\" value=\"create\" \/>\n<input type=\"hidden\" name=\"form_id\" value=\"25\" \/>\n<input type=\"hidden\" name=\"frm_hide_fields_25\" id=\"frm_hide_fields_25\" value=\"\" \/>\n<input type=\"hidden\" name=\"form_key\" value=\"newsletter-form-de88d931f524b5b33b10b223\" \/>\n<input type=\"hidden\" name=\"item_meta[0]\" value=\"\" \/>\n<input type=\"hidden\" id=\"frm_submit_entry_25\" name=\"frm_submit_entry_25\" value=\"3831dcfb4f\" \/><input type=\"hidden\" name=\"_wp_http_referer\" value=\"\/fr\/wp-json\/wp\/v2\/pages\/702\" \/><div id=\"frm_field_329_container\" class=\"frm_form_field form-field  frm_required_field frm_top_container form-select form-anrede\">\r\n    <label for=\"field_anrede-fieldcdea14c9b54\" id=\"field_anrede-fieldcdea14c9b54_label\" class=\"frm_primary_label\">Salutation\r\n        <span class=\"frm_required\">*<\/span>\r\n    <\/label>\r\n    \t\t<select name=\"item_meta[329]\" id=\"field_anrede-fieldcdea14c9b54\"  data-placeholder=\"Salutation*\"  placeholder=\"Salutation*\" data-reqmsg=\"Ce champ ne doit pas \u00eatre vide.\" aria-required=\"true\" data-invmsg=\"Salutation is invalid\" aria-invalid=\"false\"  >\n\t\t<option  class=\"frm-select-placeholder\" value=\"\" data-placeholder=\"true\">Salutation*<\/option><option  value=\"Monsieur\">Monsieur<\/option><option  value=\"Madame\">Madame<\/option>\t<\/select>\n\t\r\n    \r\n    \r\n<\/div>\n<div id=\"frm_field_330_container\" class=\"frm_form_field form-field  frm_required_field frm_top_container frm_half\">\r\n    <label for=\"field_vorname-field45df4db8614\" id=\"field_vorname-field45df4db8614_label\" class=\"frm_primary_label\">Pr\u00e9nom\r\n        <span class=\"frm_required\">*<\/span>\r\n    <\/label>\r\n    <input  type=\"text\" id=\"field_vorname-field45df4db8614\" name=\"item_meta[330]\" value=\"\"  placeholder=\"Pr\u00e9nom*\" data-reqmsg=\"Ce champ ne doit pas \u00eatre vide.\" aria-required=\"true\" data-invmsg=\"Name ist ung\u00fcltig\" aria-invalid=\"false\"   \/>\r\n    \r\n    \r\n<\/div>\n<div id=\"frm_field_331_container\" class=\"frm_form_field form-field  frm_required_field frm_top_container frm_half\">\r\n    <label for=\"field_nachname-fieldb5bc84a9f04\" id=\"field_nachname-fieldb5bc84a9f04_label\" class=\"frm_primary_label\">Nom\r\n        <span class=\"frm_required\">*<\/span>\r\n    <\/label>\r\n    <input  type=\"text\" id=\"field_nachname-fieldb5bc84a9f04\" name=\"item_meta[331]\" value=\"\"  placeholder=\"Nom*\" data-reqmsg=\"Ce champ ne doit pas \u00eatre vide.\" aria-required=\"true\" data-invmsg=\"Last ist ung\u00fcltig\" aria-invalid=\"false\"   \/>\r\n    \r\n    \r\n<\/div>\n<div id=\"frm_field_332_container\" class=\"frm_form_field form-field  frm_top_container frm_half\">\r\n    <label for=\"field_funktion-field8f7feffc7c4\" id=\"field_funktion-field8f7feffc7c4_label\" class=\"frm_primary_label\">Profession\/position\r\n        <span class=\"frm_required\"><\/span>\r\n    <\/label>\r\n    <input  type=\"text\" id=\"field_funktion-field8f7feffc7c4\" name=\"item_meta[332]\" value=\"\"  placeholder=\"Profession\/position\" data-invmsg=\"Last ist ung\u00fcltig\" aria-invalid=\"false\"   \/>\r\n    \r\n    \r\n<\/div>\n<div id=\"frm_field_333_container\" class=\"frm_form_field form-field  frm_required_field frm_top_container frm_half\">\r\n    <label for=\"field_partei-fieldf18388e684\" id=\"field_partei-fieldf18388e684_label\" class=\"frm_primary_label\">Entreprise\/Parti\r\n        <span class=\"frm_required\">*<\/span>\r\n    <\/label>\r\n    <input  type=\"text\" id=\"field_partei-fieldf18388e684\" name=\"item_meta[333]\" value=\"\"  placeholder=\"Entreprise\/Parti*\" data-reqmsg=\"Ce champ ne doit pas \u00eatre vide.\" aria-required=\"true\" data-invmsg=\"Last ist ung\u00fcltig\" aria-invalid=\"false\"   \/>\r\n    \r\n    \r\n<\/div>\n<div id=\"frm_field_334_container\" class=\"frm_form_field form-field  frm_required_field frm_top_container frm_half\">\r\n    <label for=\"field_ort-field88bf2aafd04\" id=\"field_ort-field88bf2aafd04_label\" class=\"frm_primary_label\">Canton\r\n        <span class=\"frm_required\">*<\/span>\r\n    <\/label>\r\n    \t\t<select name=\"item_meta[334]\" id=\"field_ort-field88bf2aafd04\"  data-placeholder=\"Canton*\"  placeholder=\"Canton*\" data-reqmsg=\"Ce champ ne doit pas \u00eatre vide.\" aria-required=\"true\" data-invmsg=\"Canton is invalid\" aria-invalid=\"false\"  >\n\t\t<option  class=\"frm-select-placeholder\" value=\"\" data-placeholder=\"true\">Canton*<\/option><option  value=\"Argovie\">Argovie<\/option><option  value=\"Appenzell Rhodes-Ext\u00e9rieures\">Appenzell Rhodes-Ext\u00e9rieures<\/option><option  value=\"Appenzell Rhodes-Int\u00e9rieures\">Appenzell Rhodes-Int\u00e9rieures<\/option><option  value=\"B\u00e2le-Campagne\">B\u00e2le-Campagne<\/option><option  value=\"B\u00e2le-Ville\">B\u00e2le-Ville<\/option><option  value=\"Berne\">Berne<\/option><option  value=\"Fribourg\">Fribourg<\/option><option  value=\"Gen\u00e8ve\">Gen\u00e8ve<\/option><option  value=\"Glaris\">Glaris<\/option><option  value=\"Grisons\">Grisons<\/option><option  value=\"Jura\">Jura<\/option><option  value=\"Lucerne\">Lucerne<\/option><option  value=\"Neuch\u00e2tel\">Neuch\u00e2tel<\/option><option  value=\"Nidwald\">Nidwald<\/option><option  value=\"Obwald\">Obwald<\/option><option  value=\"Schaffhouse\">Schaffhouse<\/option><option  value=\"Schwyz\">Schwyz<\/option><option  value=\"Soleure\">Soleure<\/option><option  value=\"Saint-Gall\">Saint-Gall<\/option><option  value=\"Tessin\">Tessin<\/option><option  value=\"Thurgovie\">Thurgovie<\/option><option  value=\"Uri\">Uri<\/option><option  value=\"Vaud\">Vaud<\/option><option  value=\"Valais\">Valais<\/option><option  value=\"Zoug\">Zoug<\/option><option  value=\"Zurich\">Zurich<\/option>\t<\/select>\n\t\r\n    \r\n    \r\n<\/div>\n<div id=\"frm_field_335_container\" class=\"frm_form_field form-field  frm_required_field frm_top_container frm_half\">\r\n    <label for=\"field_email-field4a51f4c8cc4\" id=\"field_email-field4a51f4c8cc4_label\" class=\"frm_primary_label\">E-mail\r\n        <span class=\"frm_required\">*<\/span>\r\n    <\/label>\r\n    <input type=\"email\" id=\"field_email-field4a51f4c8cc4\" name=\"item_meta[335]\" value=\"\"  placeholder=\"E-mail*\" data-reqmsg=\"Ce champ ne doit pas \u00eatre vide.\" aria-required=\"true\" data-invmsg=\"L&#039;E-mail est invalide\" aria-invalid=\"false\"  \/>\r\n    \r\n    \r\n<\/div>\n<div id=\"frm_field_336_container\" class=\"frm_form_field form-field  frm_top_container hide-label vertical_radio\">\r\n    <div  id=\"field_komitee_member_frontend-field4_label\" class=\"frm_primary_label\">Par la pr\u00e9sente, j&rsquo;accepte que mon nom soit mentionn\u00e9 sur le site web.\r\n        <span class=\"frm_required\"><\/span>\r\n    <\/div>\r\n    <div class=\"frm_opt_container\" aria-labelledby=\"field_komitee_member_frontend-field4_label\" role=\"group\">\t\t<div class=\"frm_checkbox\" id=\"frm_checkbox_336-0\">\t\t\t<label  for=\"field_komitee_member_frontend-field4-0\">\n\t\t\t<input type=\"checkbox\" name=\"item_meta[336][]\" id=\"field_komitee_member_frontend-field4-0\" value=\"Par la pr\u00e9sente, j&#039;accepte que mon nom soit mentionn\u00e9 sur le site web.\"  data-invmsg=\"Par la pr\u00e9sente, j&#039;accepte que mon nom soit mentionn\u00e9 sur le site web. is invalid\"   \/> Par la pr\u00e9sente, j&rsquo;accepte que mon nom soit mentionn\u00e9 sur le site web.<\/label><\/div>\n<\/div>\r\n    \r\n    \r\n<\/div>\n<div id=\"frm_field_337_container\" class=\"frm_form_field form-field  frm_top_container hide-label vertical_radio\">\r\n    <div  id=\"field_newsletter_abonnieren-field89d36d80f44_label\" class=\"frm_primary_label\">S&rsquo;abonnner \u00e0 la newsletter\r\n        <span class=\"frm_required\"><\/span>\r\n    <\/div>\r\n    <div class=\"frm_opt_container\" aria-labelledby=\"field_newsletter_abonnieren-field89d36d80f44_label\" role=\"group\">\t\t<div class=\"frm_checkbox\" id=\"frm_checkbox_337-0\">\t\t\t<label  for=\"field_newsletter_abonnieren-field89d36d80f44-0\">\n\t\t\t<input type=\"checkbox\" name=\"item_meta[337][]\" id=\"field_newsletter_abonnieren-field89d36d80f44-0\" value=\"S&#039;abonnner \u00e0 la newsletter\"  data-invmsg=\"S&#039;abonnner \u00e0 la newsletter is invalid\"   \/> S&rsquo;abonnner \u00e0 la newsletter<\/label><\/div>\n<\/div>\r\n    \r\n    \r\n<\/div>\n<div id=\"frm_field_338_container\" class=\"frm_form_field form-field  frm_required_field frm_top_container hide-label vertical_radio\">\r\n    <div  id=\"field_agree-field22bad835e94_label\" class=\"frm_primary_label\">Par la pr\u00e9sente, j&rsquo;accepte les dispositions relatives \u00e0 la protection des donn\u00e9es.\r\n        <span class=\"frm_required\"><\/span>\r\n    <\/div>\r\n    <div class=\"frm_opt_container\" aria-labelledby=\"field_agree-field22bad835e94_label\" role=\"group\">\t\t<div class=\"frm_checkbox\" id=\"frm_checkbox_338-0\">\t\t\t<label  for=\"field_agree-field22bad835e94-0\">\n\t\t\t<input type=\"checkbox\" name=\"item_meta[338][]\" id=\"field_agree-field22bad835e94-0\" value=\"Par la pr\u00e9sente, j&#039;accepte les &lt;a href=&quot;#&quot;&gt;dispositions relatives \u00e0 la protection des donn\u00e9es&lt;\/a&gt;.*\"  data-reqmsg=\"Ce champ ne doit pas \u00eatre vide.\" data-invmsg=\"Par la pr\u00e9sente, j&#039;accepte les dispositions relatives \u00e0 la protection des donn\u00e9es. is invalid\"   aria-required=\"true\"  \/> Par la pr\u00e9sente, j&rsquo;accepte les <a href=\"#\">dispositions relatives \u00e0 la protection des donn\u00e9es<\/a>.*<\/label><\/div>\n<\/div>\r\n    \r\n    \r\n<\/div>\n<div id=\"frm_field_339_container\" class=\"frm_form_field form-field  frm_top_container hidden_lang_field\">\r\n    <label for=\"field_formlang-field405bb6cc5a4\" id=\"field_formlang-field405bb6cc5a4_label\" class=\"frm_primary_label\">Lang\r\n        <span class=\"frm_required\"><\/span>\r\n    <\/label>\r\n    <input  type=\"text\" id=\"field_formlang-field405bb6cc5a4\" name=\"item_meta[339]\" value=\"fr\"  data-frmval=\"fr\" data-invmsg=\"Text ist ung\u00fcltig\" aria-invalid=\"false\"   \/>\r\n    \r\n    \r\n<\/div>\n<div id=\"frm_field_340_container\" class=\"frm_form_field form-field  frm_none_container hide-label\">\r\n    <label for=\"g-recaptcha-response\" id=\"field_7edm04_label\" class=\"frm_primary_label\">Captcha\r\n        <span class=\"frm_required\" aria-hidden=\"true\"><\/span>\r\n    <\/label>\r\n    \r\n    \r\n    \r\n<\/div>\n\t\t<input  type=\"hidden\" name=\"item_meta[566]\" id=\"field_komitee_member-2lyrt\" value=\"komitee_member\"  data-frmval=\"komitee_member\"   \/>\n\t\t<div id=\"frm_field_609_container\" class=\"frm_form_field form-field \">\n\t<div class=\"frm_submit\">\r\n\r\n<button class=\"frm_button_submit frm_final_submit\" type=\"submit\"   formnovalidate=\"formnovalidate\">Enregistrer<\/button>\r\n\r\n<\/div>\n<\/div>\n\t<input type=\"hidden\" name=\"item_key\" value=\"\" \/>\n\t\t\t<div id=\"frm_field_611_container\">\n\t\t\t<label for=\"field_j8ks0\" >\n\t\t\t\tIf you are human, leave this field blank.\t\t\t<\/label>\n\t\t\t<input  id=\"field_j8ks0\" type=\"text\" class=\"frm_form_field form-field frm_verify\" name=\"item_meta[611]\" value=\"\"  \/>\n\t\t<\/div>\n\t\t<input name=\"frm_state\" type=\"hidden\" value=\"OLIk56e9xB0akHOe+vJgOmndxVGOfVtTR2FVxmdLKuOqqVEX3gew0tz75lU5ZTt\/\" \/><\/div>\n<\/fieldset>\n<\/div>\n\n<\/form>\n<\/div>\n                    <\/div>\n                        <\/section>\n\n        <script>\n            var controller = new ScrollMagic.Controller();\n\n            new ScrollMagic.Scene({\n                triggerElement: \".form-1-block .title-block-wrapper\",\n                triggerHook: 0.8,\n                offset: 0\n            })\n                .setClassToggle(\".form-1-block .title-block-wrapper\", \"visibleBlock\")\n                .addTo(controller);\n\n            new ScrollMagic.Scene({\n                triggerElement: \".form-1-block .form\",\n                triggerHook: 0.8,\n                offset: 0\n            })\n                .setClassToggle(\".form-1-block .form\", \"visibleBlock\")\n                .addTo(controller);\n        <\/script>\n    \n\n","protected":false},"excerpt":{"rendered":"","protected":false},"author":1,"featured_media":0,"parent":0,"menu_order":0,"comment_status":"closed","ping_status":"closed","template":"","meta":{"_acf_changed":false,"inline_featured_image":false,"footnotes":""},"class_list":["post-702","page","type-page","status-publish","hentry"],"acf":[],"_links":{"self":[{"href":"https:\/\/chaos.bertaeins.ch\/fr\/wp-json\/wp\/v2\/pages\/702","targetHints":{"allow":["GET"]}}],"collection":[{"href":"https:\/\/chaos.bertaeins.ch\/fr\/wp-json\/wp\/v2\/pages"}],"about":[{"href":"https:\/\/chaos.bertaeins.ch\/fr\/wp-json\/wp\/v2\/types\/page"}],"author":[{"embeddable":true,"href":"https:\/\/chaos.bertaeins.ch\/fr\/wp-json\/wp\/v2\/users\/1"}],"replies":[{"embeddable":true,"href":"https:\/\/chaos.bertaeins.ch\/fr\/wp-json\/wp\/v2\/comments?post=702"}],"version-history":[{"count":8,"href":"https:\/\/chaos.bertaeins.ch\/fr\/wp-json\/wp\/v2\/pages\/702\/revisions"}],"predecessor-version":[{"id":1085,"href":"https:\/\/chaos.bertaeins.ch\/fr\/wp-json\/wp\/v2\/pages\/702\/revisions\/1085"}],"wp:attachment":[{"href":"https:\/\/chaos.bertaeins.ch\/fr\/wp-json\/wp\/v2\/media?parent=702"}],"curies":[{"name":"wp","href":"https:\/\/api.w.org\/{rel}","templated":true}]}}