{"id":698,"date":"2026-02-17T11:12:00","date_gmt":"2026-02-17T10:12:00","guid":{"rendered":"https:\/\/chaos.bertaeins.ch\/verbaende\/"},"modified":"2026-03-27T10:58:07","modified_gmt":"2026-03-27T09:58:07","slug":"associations","status":"publish","type":"page","link":"https:\/\/chaos.bertaeins.ch\/fr\/associations\/","title":{"rendered":"Associations"},"content":{"rendered":"\n    <section class=\"intro-text-block block-margins\">\n                    <h2 class=\"big\"> Large alliance d\u2019associations<\/h2>\n        \n                    <div class=\"lead-text-block\">\n                <p><span style=\"font-weight: 400;\">De nombreuses associations du secteur de la sant\u00e9 soutiennent l\u2019engagement contre l\u2019initiative \u00ab Pas de Suisse \u00e0 10 millions \u00bb. Elles repr\u00e9sentent les h\u00f4pitaux, les \u00e9tablissements de soins, les m\u00e9decins ainsi que d\u2019autres professions de la sant\u00e9. Elles connaissent l\u2019importance du personnel qualifi\u00e9. Ensemble, elles se mobilisent pour des conditions-cadres stables et une prise en charge m\u00e9dicale s\u00fbre en Suisse.<\/span><\/p>\n            <\/div>\n            <\/section>\n\n\n\n\n\n\n\n\n            <section class=\"logos-block block-margins\">\n            <div class=\"logos-content\">\n                <div class=\"title-block-wrapper visibleInBackend\">\n                    \n                                            <h2 class=\"block-title\">Organisationen<\/h2>\n                                    <\/div>\n\n                <div class=\"logos visibleInBackend\">\n                                            <div class=\"logo \">\n                                                                                                <a href=\"https:\/\/www.hplus.ch\/de\/\" target=\"_blank\" class=\"picture\">\n                                        <img decoding=\"async\" src=\"https:\/\/chaos.bertaeins.ch\/wp-content\/uploads\/2026\/02\/H.jpg\" alt=\"H+\">\n                                    <\/a>\n                                                                                    <\/div>\n                                                <div class=\"logo \">\n                                                                                                <a href=\"https:\/\/www.spitex.ch\/de\" target=\"_blank\" class=\"picture\">\n                                        <img decoding=\"async\" src=\"https:\/\/chaos.bertaeins.ch\/wp-content\/uploads\/2026\/02\/image-2.png\" alt=\"image 2\">\n                                    <\/a>\n                                                                                    <\/div>\n                                                <div class=\"logo \">\n                                                                                                <a href=\"https:\/\/artiset.ch\/de\/\" target=\"_blank\" class=\"picture\">\n                                        <img decoding=\"async\" src=\"https:\/\/chaos.bertaeins.ch\/wp-content\/uploads\/2026\/02\/image-5.png\" alt=\"image 5\">\n                                    <\/a>\n                                                                                    <\/div>\n                                                <div class=\"logo logo-hidden\">\n                                                                                                <a href=\"https:\/\/ospita.ch\" target=\"_blank\" class=\"picture\">\n                                        <img decoding=\"async\" src=\"https:\/\/chaos.bertaeins.ch\/wp-content\/uploads\/2026\/02\/image-3.png\" alt=\"image 3\">\n                                    <\/a>\n                                                                                    <\/div>\n                                                <div class=\"logo logo-hidden\">\n                                                                                                <a href=\"https:\/\/physioswiss.ch\/\" target=\"_blank\" class=\"picture\">\n                                        <img decoding=\"async\" src=\"https:\/\/chaos.bertaeins.ch\/wp-content\/uploads\/2026\/03\/Logo-Physioswiss.png\" alt=\"Logo Physioswiss\">\n                                    <\/a>\n                                                                                    <\/div>\n                                                <div class=\"logo logo-hidden\">\n                                                                                                <a href=\"https:\/\/www.palliative.ch\/\" target=\"_blank\" class=\"picture\">\n                                        <img decoding=\"async\" src=\"https:\/\/chaos.bertaeins.ch\/wp-content\/uploads\/2026\/03\/Logo-palliative-schweiz.png\" alt=\"Logo palliative schweiz\">\n                                    <\/a>\n                                                                                    <\/div>\n                                                <div class=\"logo logo-hidden\">\n                                                                                                <a href=\"https:\/\/sbk-asi.ch\/\" target=\"_blank\" class=\"picture\">\n                                        <img decoding=\"async\" src=\"https:\/\/chaos.bertaeins.ch\/wp-content\/uploads\/2026\/04\/SBK_member-of-AllianceCare_RGB.png\" alt=\"SBK_member of AllianceCare_RGB\">\n                                    <\/a>\n                                                                                    <\/div>\n                                                <div class=\"logo logo-hidden\">\n                                                                                                <a href=\"https:\/\/www.vkjz.ch\/\" target=\"_blank\" class=\"picture\">\n                                        <img decoding=\"async\" src=\"https:\/\/chaos.bertaeins.ch\/wp-content\/uploads\/2026\/04\/vKJZ-Logo-RGB_400-61710a69.webp\" alt=\"vKJZ-Logo-RGB_400-61710a69\">\n                                    <\/a>\n                                                                                    <\/div>\n                                        <\/div>\n\n                                    <div class=\"link visibleInBackend\">\n                        <a class=\"primary-theme-btn-border logos-more-btn\" href=\"#\">\n                            Mehr laden                        <\/a>\n                    <\/div>\n                            <\/div>\n        <\/section>\n\n    <script>\n        var controller = new ScrollMagic.Controller();\n\n        new ScrollMagic.Scene({\n            triggerElement: \".logos-block .title-block-wrapper\",\n            triggerHook: 0.8,\n            offset: 0\n        })\n            .setClassToggle(\".logos-block .title-block-wrapper\", \"visibleBlock\")\n            .addTo(controller);\n\n        new ScrollMagic.Scene({\n            triggerElement: \".logos-block .logos.logos-desk\",\n            triggerHook: 0.8,\n            offset: 0\n        })\n            .setClassToggle(\".logos-block .logos.logos-desk\", \"visibleBlock\")\n            .addTo(controller);\n\n        new ScrollMagic.Scene({\n            triggerElement: \".logos-block .link\",\n            triggerHook: 0.9,\n            offset: 0\n        })\n            .setClassToggle(\".logos-block .link\", \"visibleBlock\")\n            .addTo(controller);\n    <\/script>\n    \n\n\n<div class=\"empty-divider\"><\/div>\n\n\n    <section class=\"darum-gehts-block\">\n        <div class=\"darum-gehts-block-content\">\n                            <div class=\"media-block visibleInBackend\">\n\n                                                                        <div class=\"darum-gehts-image-desktop\" style=\"background-image: url('https:\/\/chaos.bertaeins.ch\/wp-content\/uploads\/2026\/03\/21-9-2-1200x514.png')\">\n                            <\/div>\n                        \n\n                                                    <div class=\"darum-gehts-image-mobile\">\n                                <img decoding=\"async\" src=\"https:\/\/chaos.bertaeins.ch\/wp-content\/uploads\/2026\/03\/4-5-2-960x1200.png\" alt=\"4-5\">\n                            <\/div>\n                                            \n                                    <\/div>\n            \n                    <\/div>\n    <\/section>\n\n    <script>\n        var controller = new ScrollMagic.Controller();\n\n        new ScrollMagic.Scene({\n            triggerElement: \".darum-gehts-block .text-block\",\n            triggerHook: 0.9,\n            offset: 0\n        })\n            .setClassToggle(\".darum-gehts-block .text-block\", \"visibleBlock\")\n            .addTo(controller);\n\n        new ScrollMagic.Scene({\n            triggerElement: \".darum-gehts-block .media-block\",\n            triggerHook: 0.9,\n            offset: 0\n        })\n            .setClassToggle(\".darum-gehts-block .media-block\", \"visibleBlock\")\n            .addTo(controller);\n    <\/script>\n\n\n\n<div class=\"empty-divider\"><\/div>\n\n\n    <section class=\"title-with-yellow-bg-block block-margins\">\n        \n        <div class=\"title-with-yellow-bg-inner-container\">\n                            <h2 class=\"title-with-yellow-bg mb_0\"><span>Rejoindre le comit\u00e9 de soutien<\/span><\/h2><br>\n            \n                            <h2 class=\"title-with-white-bg\"><span>Soutenez notre campagne ! <\/span><\/h2>\n            \n                            <div class=\"link-wrapper\">\n                    <a href=\"https:\/\/chaos.bertaeins.ch\/komitee\/\"  class=\"primary-theme-btn\">\n                        Je participe !                    <\/a>\n                <\/div>\n                    <\/div>\n    <\/section>\n\n\n\n\n\n\n\n\n<p><\/p>\n","protected":false},"excerpt":{"rendered":"","protected":false},"author":1,"featured_media":754,"parent":0,"menu_order":0,"comment_status":"closed","ping_status":"closed","template":"","meta":{"_acf_changed":false,"inline_featured_image":false,"footnotes":""},"class_list":["post-698","page","type-page","status-publish","has-post-thumbnail","hentry"],"acf":[],"_links":{"self":[{"href":"https:\/\/chaos.bertaeins.ch\/fr\/wp-json\/wp\/v2\/pages\/698","targetHints":{"allow":["GET"]}}],"collection":[{"href":"https:\/\/chaos.bertaeins.ch\/fr\/wp-json\/wp\/v2\/pages"}],"about":[{"href":"https:\/\/chaos.bertaeins.ch\/fr\/wp-json\/wp\/v2\/types\/page"}],"author":[{"embeddable":true,"href":"https:\/\/chaos.bertaeins.ch\/fr\/wp-json\/wp\/v2\/users\/1"}],"replies":[{"embeddable":true,"href":"https:\/\/chaos.bertaeins.ch\/fr\/wp-json\/wp\/v2\/comments?post=698"}],"version-history":[{"count":6,"href":"https:\/\/chaos.bertaeins.ch\/fr\/wp-json\/wp\/v2\/pages\/698\/revisions"}],"predecessor-version":[{"id":1087,"href":"https:\/\/chaos.bertaeins.ch\/fr\/wp-json\/wp\/v2\/pages\/698\/revisions\/1087"}],"wp:featuredmedia":[{"embeddable":true,"href":"https:\/\/chaos.bertaeins.ch\/fr\/wp-json\/wp\/v2\/media\/754"}],"wp:attachment":[{"href":"https:\/\/chaos.bertaeins.ch\/fr\/wp-json\/wp\/v2\/media?parent=698"}],"curies":[{"name":"wp","href":"https:\/\/api.w.org\/{rel}","templated":true}]}}