{"id":662,"date":"2026-02-18T16:19:50","date_gmt":"2026-02-18T15:19:50","guid":{"rendered":"https:\/\/chaos.bertaeins.ch\/um-was-geht-es\/"},"modified":"2026-04-13T20:48:08","modified_gmt":"2026-04-13T18:48:08","slug":"initiative","status":"publish","type":"page","link":"https:\/\/chaos.bertaeins.ch\/fr\/initiative\/","title":{"rendered":"De quoi s\u2019agit-il ?"},"content":{"rendered":"\n    <section class=\"intro-text-block block-margins\">\n                    <h2 class=\"big\">L\u2019initiative de l\u2019UDC m\u00e8ne au chaos dans les soins<\/h2>\n        \n                    <div class=\"lead-text-block\">\n                <p><span style=\"font-weight: 400;\">L\u2019initiative \u00ab Suisse \u00e0 10 millions \u00bb veut inscrire dans la Constitution un plafond d\u00e9mographique rigide de dix millions de personnes. Si ce seuil est d\u00e9pass\u00e9, l\u2019accord sur la libre circulation des personnes avec l\u2019Union europ\u00e9enne doit \u00eatre d\u00e9nonc\u00e9. En raison de la \u00ab clause guillotine \u00bb, cela entra\u00eenerait automatiquement la chute des autres accords des Bilat\u00e9rales I. La voie bilat\u00e9rale, qui fait le succ\u00e8s de la Suisse, serait ainsi d\u00e9truite.<\/span><\/p>\n<p><span style=\"font-weight: 400;\">Pour le secteur de la sant\u00e9, les cons\u00e9quences seraient graves. <strong>Les h\u00f4pitaux, les \u00e9tablissements m\u00e9dico-sociaux\u00a0 et les cabinets m\u00e9dicaux d\u00e9pendent de la main-d\u2019\u0153uvre qualifi\u00e9e provenant de l\u2019espace UE. L\u2019initiative aggrave la p\u00e9nurie de personnel qualifi\u00e9, allonge les temps d\u2019attente et met en p\u00e9ril la prise en charge m\u00e9dicale.<\/strong><\/span><\/p>\n            <\/div>\n            <\/section>\n\n\n\n\n\n\n\n\n    <section class=\"bild-text-block block-margins\">\n        <div class=\"bild-text-inner-container \">\n                            <div class=\"bild-part-wrapper\">\n                    <div class=\"bild-part\" style=\"background-image: url('https:\/\/chaos.bertaeins.ch\/wp-content\/uploads\/2026\/03\/16-9-3-600x338.png')\">\n                        <img decoding=\"async\" src=\"https:\/\/chaos.bertaeins.ch\/wp-content\/themes\/hugo\/assets\/images\/bild_text_placeholder.png\" class=\"placeholder\" alt=\"Placeholder\">\n                    <\/div>\n                <\/div>\n            \n                            <div class=\"text-part\">\n                                            <p class=\"text-bold\">D\u00e9lais d\u2019attente \u00e0 rallonge et d\u00e9gradation des soins<\/p>\n                    \n                                            <div class=\"simple-text-block\">\n                            <p>La demande augmente, mais l\u2019offre diminue : des services hospitaliers, des cabinets ambulatoires, des \u00e9tablissements m\u00e9dico-sociaux et des services d\u2019aide et de soins \u00e0 domicile doivent restreindre leurs horaires d\u2019ouverture, voire fermer, faute de personnel suffisant. <span style=\"font-weight: 400;\">Par cons\u00e9quent, l<\/span><span style=\"font-weight: 400;\">es d\u00e9lais d&rsquo;attente s&rsquo;allongent dans tout le syst\u00e8me de sant\u00e9.<\/span><\/p>\n                        <\/div>\n                                    <\/div>\n                    <\/div>\n    <\/section>\n\n\n\n\n    <section class=\"bild-text-block block-margins\">\n        <div class=\"bild-text-inner-container image-right-side\">\n                            <div class=\"bild-part-wrapper\">\n                    <div class=\"bild-part\" style=\"background-image: url('https:\/\/chaos.bertaeins.ch\/wp-content\/uploads\/2026\/03\/16-9-1-600x338.png')\">\n                        <img decoding=\"async\" src=\"https:\/\/chaos.bertaeins.ch\/wp-content\/themes\/hugo\/assets\/images\/bild_text_placeholder.png\" class=\"placeholder\" alt=\"Placeholder\">\n                    <\/div>\n                <\/div>\n            \n                            <div class=\"text-part\">\n                                            <p class=\"text-bold\">Des co\u00fbts plus \u00e9lev\u00e9s pour les assur\u00e9s<\/p>\n                    \n                                            <div class=\"simple-text-block\">\n                            <p><span style=\"font-weight: 400;\">Sans un acc\u00e8s non bureaucratique au march\u00e9 du travail de l&rsquo;UE\/AELE, la concurrence pour attirer le personnel qualifi\u00e9 s&rsquo;intensifie. Les \u00e9tablissements sont davantage amen\u00e9s \u00e0 recourir \u00e0 des agences de placement co\u00fbteuses ou \u00e0 du personnel int\u00e9rimaire. Les d\u00e9penses li\u00e9es au recrutement et \u00e0 la fid\u00e9lisation du personnel pourraient ainsi augmenter, faisant ainsi grimper les co\u00fbts de la sant\u00e9.<\/span><\/p>\n                        <\/div>\n                                    <\/div>\n                    <\/div>\n    <\/section>\n\n\n\n\n    <section class=\"bild-text-block block-margins\">\n        <div class=\"bild-text-inner-container \">\n                            <div class=\"bild-part-wrapper\">\n                    <div class=\"bild-part\" style=\"background-image: url('https:\/\/chaos.bertaeins.ch\/wp-content\/uploads\/2026\/03\/16-9-2-600x338.png')\">\n                        <img decoding=\"async\" src=\"https:\/\/chaos.bertaeins.ch\/wp-content\/themes\/hugo\/assets\/images\/bild_text_placeholder.png\" class=\"placeholder\" alt=\"Placeholder\">\n                    <\/div>\n                <\/div>\n            \n                            <div class=\"text-part\">\n                                            <p class=\"text-bold\">D\u00e9gradation de la qualit\u00e9 des soins <\/p>\n                    \n                                            <div class=\"simple-text-block\">\n                            <p><span style=\"font-weight: 400;\">Le manque de m\u00e9decins et de soignants augmente consid\u00e9rablement la charge de travail du personnel en place. Cette situation a des cons\u00e9quences sur la qualit\u00e9 des soins et la s\u00e9curit\u00e9 des patients. Des \u00e9tudes d\u00e9montrent que la p\u00e9nurie de personnel accro\u00eet la mortalit\u00e9 dans les h\u00f4pitaux, particuli\u00e8rement dans des situation d\u2019&rsquo;urgence.<\/span><\/p>\n                        <\/div>\n                                    <\/div>\n                    <\/div>\n    <\/section>\n\n\n\n\n<blockquote class=\"wp-block-quote has-text-align-center is-layout-flow wp-block-quote-is-layout-flow\">\n<p>Plus de 70 % des personnes nouvellement recrut\u00e9es dans la profession m\u00e9dicale en Suisse proviennent de l\u2019\u00e9tranger.<\/p>\n<\/blockquote>\n\n\n\n<p><\/p>\n\n\n\n    <section class=\"darum-gehts-block\">\n        <div class=\"darum-gehts-block-content\">\n                            <div class=\"media-block visibleInBackend\">\n\n                                                                        <div class=\"darum-gehts-image-desktop\" style=\"background-image: url('https:\/\/chaos.bertaeins.ch\/wp-content\/uploads\/2026\/03\/21-9-4-1200x514.png')\">\n                            <\/div>\n                        \n\n                                                    <div class=\"darum-gehts-image-mobile\">\n                                <img decoding=\"async\" src=\"https:\/\/chaos.bertaeins.ch\/wp-content\/uploads\/2026\/03\/4-5-4-960x1200.png\" alt=\"4-5\">\n                            <\/div>\n                                            \n                                    <\/div>\n            \n                    <\/div>\n    <\/section>\n\n    <script>\n        var controller = new ScrollMagic.Controller();\n\n        new ScrollMagic.Scene({\n            triggerElement: \".darum-gehts-block .text-block\",\n            triggerHook: 0.9,\n            offset: 0\n        })\n            .setClassToggle(\".darum-gehts-block .text-block\", \"visibleBlock\")\n            .addTo(controller);\n\n        new ScrollMagic.Scene({\n            triggerElement: \".darum-gehts-block .media-block\",\n            triggerHook: 0.9,\n            offset: 0\n        })\n            .setClassToggle(\".darum-gehts-block .media-block\", \"visibleBlock\")\n            .addTo(controller);\n    <\/script>\n\n\n\n\n    <section class=\"title-with-yellow-bg-block block-margins\">\n        \n        <div class=\"title-with-yellow-bg-inner-container\">\n                            <h2 class=\"title-with-yellow-bg mb_0\"><span>Rejoignez le comit\u00e9 <\/span><\/h2><br>\n            \n                            <h2 class=\"title-with-white-bg\"><span> et soutenez la campagne.<\/span><\/h2>\n            \n                            <div class=\"link-wrapper\">\n                    <a href=\"https:\/\/chaos.bertaeins.ch\/komitee\/\"  class=\"primary-theme-btn\">\n                        Rejoindre le comit\u00e9 de soutien                    <\/a>\n                <\/div>\n                    <\/div>\n    <\/section>\n\n\n\n\n\n","protected":false},"excerpt":{"rendered":"<p>Plus de 70 % des personnes nouvellement recrut\u00e9es dans la profession m\u00e9dicale en Suisse proviennent de l\u2019\u00e9tranger.<\/p>\n","protected":false},"author":1,"featured_media":0,"parent":0,"menu_order":0,"comment_status":"closed","ping_status":"closed","template":"","meta":{"_acf_changed":false,"inline_featured_image":false,"footnotes":""},"class_list":["post-662","page","type-page","status-publish","hentry"],"acf":[],"_links":{"self":[{"href":"https:\/\/chaos.bertaeins.ch\/fr\/wp-json\/wp\/v2\/pages\/662","targetHints":{"allow":["GET"]}}],"collection":[{"href":"https:\/\/chaos.bertaeins.ch\/fr\/wp-json\/wp\/v2\/pages"}],"about":[{"href":"https:\/\/chaos.bertaeins.ch\/fr\/wp-json\/wp\/v2\/types\/page"}],"author":[{"embeddable":true,"href":"https:\/\/chaos.bertaeins.ch\/fr\/wp-json\/wp\/v2\/users\/1"}],"replies":[{"embeddable":true,"href":"https:\/\/chaos.bertaeins.ch\/fr\/wp-json\/wp\/v2\/comments?post=662"}],"version-history":[{"count":15,"href":"https:\/\/chaos.bertaeins.ch\/fr\/wp-json\/wp\/v2\/pages\/662\/revisions"}],"predecessor-version":[{"id":1143,"href":"https:\/\/chaos.bertaeins.ch\/fr\/wp-json\/wp\/v2\/pages\/662\/revisions\/1143"}],"wp:attachment":[{"href":"https:\/\/chaos.bertaeins.ch\/fr\/wp-json\/wp\/v2\/media?parent=662"}],"curies":[{"name":"wp","href":"https:\/\/api.w.org\/{rel}","templated":true}]}}