{"id":249,"date":"2024-02-12T17:11:43","date_gmt":"2024-02-12T16:11:43","guid":{"rendered":"https:\/\/chaos.bertaeins.ch\/startseite\/"},"modified":"2026-03-27T10:42:17","modified_gmt":"2026-03-27T09:42:17","slug":"startseite","status":"publish","type":"page","link":"https:\/\/chaos.bertaeins.ch\/fr\/","title":{"rendered":"Des d\u00e9lais d&rsquo;attente toujours plus longs pour les patients"},"content":{"rendered":"\n    <section class=\"darum-gehts-block\">\n        <div class=\"darum-gehts-block-content\">\n                            <div class=\"media-block visibleInBackend\">\n\n                                                                        <div class=\"darum-gehts-image-desktop\" style=\"background-image: url('https:\/\/chaos.bertaeins.ch\/wp-content\/uploads\/2026\/03\/Block-Bild-desktop-1200x500.png')\">\n                            <\/div>\n                        \n\n                                                    <div class=\"darum-gehts-image-mobile\">\n                                <img decoding=\"async\" src=\"https:\/\/chaos.bertaeins.ch\/wp-content\/uploads\/2026\/03\/Block-Bild-desktop-1.png\" alt=\"Block Bild desktop\">\n                            <\/div>\n                                            \n                                    <\/div>\n            \n                            <div class=\"text-block  visibleInBackend\">\n                                            <p class=\"block-subtitle text-white\">MANQUE DE CABINETS MEDICAUX A LA CAMPAGNE<\/p>\n                    \n                                            <h2 class=\"block-title text-white\">NON au chaos dans les soins<\/h2>\n                    \n                                            <div class=\"lead-text-block text-wrapper text-white\">\n                            <p>Non \u00e0 l&rsquo;initiative \u00ab Pas de Suisse \u00e0 10 millions \u00bb. Elle est dangereuse et met en p\u00e9ril notre syst\u00e8me de sant\u00e9. Elle aggrave la p\u00e9nurie de personnel qualifi\u00e9 et compromet les soins m\u00e9dicaux de la population.<\/p>\n                        <\/div>\n                    \n                                            <div class=\"link\">\n                            <a href=\"https:\/\/chaos.bertaeins.ch\/fr\/initiative\/\"  class=\"white-theme-btn\">\n                                De quoi s&rsquo;agit-il ?                            <\/a>\n                        <\/div>\n                                    <\/div>\n                    <\/div>\n    <\/section>\n\n    <script>\n        var controller = new ScrollMagic.Controller();\n\n        new ScrollMagic.Scene({\n            triggerElement: \".darum-gehts-block .text-block\",\n            triggerHook: 0.9,\n            offset: 0\n        })\n            .setClassToggle(\".darum-gehts-block .text-block\", \"visibleBlock\")\n            .addTo(controller);\n\n        new ScrollMagic.Scene({\n            triggerElement: \".darum-gehts-block .media-block\",\n            triggerHook: 0.9,\n            offset: 0\n        })\n            .setClassToggle(\".darum-gehts-block .media-block\", \"visibleBlock\")\n            .addTo(controller);\n    <\/script>\n\n\n\n\n<p><\/p>\n\n\n            <section class=\"arguments-block block-margins\" id=\"69dd938769d67\">\n            <div class=\"argument-block-content\">\n                                    <div class=\"title-block-wrapper scrollMagic-block visibleInBackend\" data-uid=\"69dd938769d6c\">\n                        \n                                                    <div class=\"title-wrapper\">\n                                <h2 class=\"block-title with-border-bottom\">Arguments<\/h2>\n                            <\/div>\n                                            <\/div>\n                \n                <div class=\"accordion scrollMagic-block visibleInBackend\" data-uid=\"69dd938769d6d\">\n                                            <div class=\"accordion-item scrollMagic-block visibleInBackend\"  data-uid=\"69dd938769d6e\">\n                            <div class=\"accordion-item-header-block active\" data-number=\"1\">\n                                <h3 class=\"text-left text-white mb-0\">Un plafond d\u00e9mographique entra\u00eene des lacunes dans les soins<\/h3>\n                            <\/div>\n\n                            <div class=\"accordion-item-content-block active\">\n                                                                    <div class=\"simple-text-block\">\n                                        <p>L&rsquo;initiative vise \u00e0 limiter la population r\u00e9sidante \u00e0 dix millions de personnes et exige la d\u00e9nonciation de la libre circulation des personnes en cas de d\u00e9passement. Le syst\u00e8me de sant\u00e9 suisse d\u00e9pend structurellement du personnel qualifi\u00e9 provenant de l&rsquo;espace UE. Un plafonnement rigide de l&rsquo;immigration entra\u00eenerait une r\u00e9duction des soins m\u00e9dicaux et des lacunes dans la prise en charge.<\/p>\n                                    <\/div>\n                                \n                                                            <\/div>\n                        <\/div>\n                                                <div class=\"accordion-item scrollMagic-block visibleInBackend\"  data-uid=\"69dd93876a691\">\n                            <div class=\"accordion-item-header-block \" data-number=\"2\">\n                                <h3 class=\"text-left text-white mb-0\">Des temps d&rsquo;attente \u00e0 rallonge pour les patientes et les patients<\/h3>\n                            <\/div>\n\n                            <div class=\"accordion-item-content-block \">\n                                                                    <div class=\"simple-text-block\">\n                                        <p>Le manque de personnel se traduit par des temps d&rsquo;attente plus longs. Faute d&rsquo;effectifs suffisants, les h\u00f4pitaux, les cabinets, les maisons de retraite et les soins \u00e0 domicile (Spitex) se voient contraints de r\u00e9duire leurs horaires d&rsquo;ouverture ou de fermer certains services. Alors que la demande augmente, l&rsquo;offre, elle, diminue.<\/p>\n                                    <\/div>\n                                \n                                                            <\/div>\n                        <\/div>\n                                                <div class=\"accordion-item scrollMagic-block visibleInBackend\"  data-uid=\"69dd93876ac84\">\n                            <div class=\"accordion-item-header-block \" data-number=\"3\">\n                                <h3 class=\"text-left text-white mb-0\">D\u00e9gradation de la qualit\u00e9 des soins <\/h3>\n                            <\/div>\n\n                            <div class=\"accordion-item-content-block \">\n                                                                    <div class=\"simple-text-block\">\n                                        <p>Le manque de m\u00e9decins et de soignants augmente consid\u00e9rablement la charge de travail du personnel en place. Cette situation a des cons\u00e9quences sur la qualit\u00e9 des soins et la s\u00e9curit\u00e9 des patients. Des \u00e9tudes d\u00e9montrent que la p\u00e9nurie de personnel accro\u00eet la mortalit\u00e9 dans les h\u00f4pitaux, particuli\u00e8rement dans des situation d\u2019&rsquo;urgence.<\/p>\n                                    <\/div>\n                                \n                                                            <\/div>\n                        <\/div>\n                                                <div class=\"accordion-item scrollMagic-block visibleInBackend\"  data-uid=\"69dd93876aebd\">\n                            <div class=\"accordion-item-header-block \" data-number=\"4\">\n                                <h3 class=\"text-left text-white mb-0\">Des co\u00fbts plus \u00e9lev\u00e9s pour les assur\u00e9s<\/h3>\n                            <\/div>\n\n                            <div class=\"accordion-item-content-block \">\n                                                                    <div class=\"simple-text-block\">\n                                        <p>Sans un acc\u00e8s non bureaucratique au march\u00e9 du travail de l&rsquo;UE, la concurrence pour attirer le personnel qualifi\u00e9 s&rsquo;intensifie. Les \u00e9tablissements sont davantage amen\u00e9s \u00e0 recourir \u00e0 des agences de placement co\u00fbteuses ou \u00e0 du personnel int\u00e9rimaire. Les d\u00e9penses li\u00e9es au recrutement et \u00e0 la fid\u00e9lisation du personnel pourraient ainsi augmenter, faisant ainsi grimper les co\u00fbts de la sant\u00e9.<\/p>\n                                    <\/div>\n                                \n                                                            <\/div>\n                        <\/div>\n                                                <div class=\"accordion-item scrollMagic-block visibleInBackend\"  data-uid=\"69dd93876b0da\">\n                            <div class=\"accordion-item-header-block \" data-number=\"5\">\n                                <h3 class=\"text-left text-white mb-0\">Des d\u00e9fis pour les r\u00e9gions frontali\u00e8res <\/h3>\n                            <\/div>\n\n                            <div class=\"accordion-item-content-block \">\n                                                                    <div class=\"simple-text-block\">\n                                        <p>Dans des cantons comme Gen\u00e8ve, Vaud, B\u00e2le ou le Tessin, le syst\u00e8me de sant\u00e9 repose fortement sur du personnel venant de l\u2019\u00e9tranger. En cas de suppression de la libre circulation, les autorisations pour les frontaliers seraient \u00e0 nouveau contingent\u00e9es et soumises \u00e0 des proc\u00e9dures administratives complexes. La perte d&rsquo;une part importante de ces sp\u00e9cialistes entra\u00eenerait des probl\u00e8mes aigus dans les soins.<\/p>\n                                    <\/div>\n                                \n                                                            <\/div>\n                        <\/div>\n                                        <\/div>\n\n                                    <div class=\"link scrollMagic-block visibleInBackend\" data-uid=\"69dd93876b28f\">\n                        <a href=\"https:\/\/chaos.bertaeins.ch\/fr\/arguments\/\" class=\" primary-theme-btn-border\">\n                            Alle Argumente lesen                        <\/a>\n                    <\/div>\n                            <\/div>\n        <\/section>\n    \n\n\n\n        <section class=\"image-bg-title-link-block\">\n            <div class=\"bg\"  style=\"background-image: url('https:\/\/chaos.bertaeins.ch\/wp-content\/uploads\/2024\/02\/7280-1200x675.jpg');\"><\/div>\n\n            <div class=\"image-bg-title-link-content-wrapper\">\n                                    <h2 class=\"mb_0 big\"><span>Tu veux soutenir notre campagne ?<\/span><\/h2>\n                \n                                    <div class=\"link\">\n                        <a href=\"https:\/\/chaos.bertaeins.ch\/fr\/mitmachen-sharing\/\" class=\"primary-theme-btn\" >Je participe !<\/a>\n                    <\/div>\n                            <\/div>\n        <\/section>\n\n\n\n\n\n\n    <section class=\"title-subtitle-blue-bg-block\">\n        <div class=\"title-subtitle-blue-bg-content-wrapper\">\n                            <p class=\"mb_0 block-subtitle\"><span>MANQUE DE PERSONNEL DANS LES H\u00d4PITAUX<\/span><\/p>\n                <div class=\"local-title-divider\"><\/div>\n            \n                            <h2 class=\"mb_0 like-h1\"><span>Augmentation des co\u00fbts pour les assur\u00e9s<\/span><\/h2>\n                    <\/div>\n    <\/section>\n\n\n\n\n\n\n\n    <section class=\"title-with-yellow-bg-block block-margins\">\n        \n        <div class=\"title-with-yellow-bg-inner-container\">\n                            <h2 class=\"title-with-yellow-bg mb_0\"><span>Rejoignez le comit\u00e9<\/span><\/h2><br>\n            \n                            <h2 class=\"title-with-white-bg\"><span>et soutenez la campagne.<\/span><\/h2>\n            \n                            <div class=\"link-wrapper\">\n                    <a href=\"https:\/\/chaos.bertaeins.ch\/komitee\/\"  class=\"primary-theme-btn\">\n                        Komitee beitreten                    <\/a>\n                <\/div>\n                    <\/div>\n    <\/section>\n\n\n\n\n\n","protected":false},"excerpt":{"rendered":"","protected":false},"author":1,"featured_media":0,"parent":0,"menu_order":0,"comment_status":"closed","ping_status":"closed","template":"","meta":{"_acf_changed":false,"inline_featured_image":false,"footnotes":""},"class_list":["post-249","page","type-page","status-publish","hentry"],"acf":[],"_links":{"self":[{"href":"https:\/\/chaos.bertaeins.ch\/fr\/wp-json\/wp\/v2\/pages\/249","targetHints":{"allow":["GET"]}}],"collection":[{"href":"https:\/\/chaos.bertaeins.ch\/fr\/wp-json\/wp\/v2\/pages"}],"about":[{"href":"https:\/\/chaos.bertaeins.ch\/fr\/wp-json\/wp\/v2\/types\/page"}],"author":[{"embeddable":true,"href":"https:\/\/chaos.bertaeins.ch\/fr\/wp-json\/wp\/v2\/users\/1"}],"replies":[{"embeddable":true,"href":"https:\/\/chaos.bertaeins.ch\/fr\/wp-json\/wp\/v2\/comments?post=249"}],"version-history":[{"count":35,"href":"https:\/\/chaos.bertaeins.ch\/fr\/wp-json\/wp\/v2\/pages\/249\/revisions"}],"predecessor-version":[{"id":1074,"href":"https:\/\/chaos.bertaeins.ch\/fr\/wp-json\/wp\/v2\/pages\/249\/revisions\/1074"}],"wp:attachment":[{"href":"https:\/\/chaos.bertaeins.ch\/fr\/wp-json\/wp\/v2\/media?parent=249"}],"curies":[{"name":"wp","href":"https:\/\/api.w.org\/{rel}","templated":true}]}}